{"id":218,"date":"2025-02-24T12:46:42","date_gmt":"2025-02-24T11:46:42","guid":{"rendered":"https:\/\/lerousseaugrenoble.fr\/boutique\/?post_type=product&#038;p=218"},"modified":"2025-05-09T14:05:44","modified_gmt":"2025-05-09T12:05:44","slug":"igp-du-vaucluse-pour-aller-danser-domaine-childeric-2022","status":"publish","type":"product","link":"https:\/\/lerousseaugrenoble.fr\/boutique\/produit\/igp-du-vaucluse-pour-aller-danser-domaine-childeric-2022\/","title":{"rendered":"IGP du Vaucluse pour aller danser Domaine Childeric 2022"},"content":{"rendered":"<div class=\"flex max-w-full flex-col flex-grow\">\n<div class=\"min-h-8 text-message flex w-full flex-col items-end gap-2 whitespace-normal break-words text-start [.text-message+&amp;]:mt-5\" dir=\"auto\" data-message-author-role=\"assistant\" data-message-id=\"d0311641-b0cb-423c-8fdf-22c072233d50\" data-message-model-slug=\"gpt-4o\">\n<div class=\"flex w-full flex-col gap-1 empty:hidden first:pt-[3px]\">\n<div class=\"markdown prose w-full break-words dark:prose-invert dark\">\n<h3 data-start=\"0\" data-end=\"71\">IGP du Vaucluse &#8220;Pour Aller Danser&#8221; 2022 \u2013 Domaine Childeric \ud83d\udc83\ud83c\udf77<\/h3>\n<p data-start=\"73\" data-end=\"460\">Le <strong data-start=\"76\" data-end=\"104\">&#8220;Pour Aller Danser&#8221; 2022<\/strong> du <strong data-start=\"108\" data-end=\"129\">Domaine Childeric<\/strong> est un vin rouge \u00e9clatant, vivant et terriblement gourmand. Con\u00e7u pour le plaisir et la convivialit\u00e9, il incarne un style de vin libre et accessible, parfait pour accompagner des moments simples et joyeux. Avec sa belle fra\u00eecheur et son fruit \u00e9clatant, cette cuv\u00e9e est un vrai vin de soif, l\u00e9ger et fluide, qui invite \u00e0 la f\u00eate.<\/p>\n<hr data-start=\"462\" data-end=\"467\" \/>\n<h3 data-start=\"469\" data-end=\"527\"><strong data-start=\"473\" data-end=\"525\">Le Domaine Childeric : Une Vision Moderne du Vin<\/strong><\/h3>\n<p data-start=\"529\" data-end=\"822\">Le <strong data-start=\"532\" data-end=\"553\">Domaine Childeric<\/strong>, situ\u00e9 en <strong data-start=\"564\" data-end=\"583\">IGP du Vaucluse<\/strong>, travaille avec passion et respect de l\u2019environnement pour produire des vins naturels et authentiques. Chaque cuv\u00e9e exprime la richesse du terroir ensoleill\u00e9 du sud de la France, avec une approche ax\u00e9e sur la fra\u00eecheur et la buvabilit\u00e9.<\/p>\n<hr data-start=\"824\" data-end=\"829\" \/>\n<h3 data-start=\"831\" data-end=\"864\"><strong data-start=\"835\" data-end=\"862\">Caract\u00e9ristiques du Vin<\/strong><\/h3>\n<p data-start=\"866\" data-end=\"1143\">\ud83d\udcc5 <strong data-start=\"869\" data-end=\"882\">Mill\u00e9sime<\/strong> : 2022, gourmand et \u00e9quilibr\u00e9.<br data-start=\"913\" data-end=\"916\" \/>\ud83d\udccd <strong data-start=\"919\" data-end=\"929\">R\u00e9gion<\/strong> : <strong data-start=\"932\" data-end=\"948\">IGP Vaucluse<\/strong>, terroir m\u00e9diterran\u00e9en ensoleill\u00e9.<br data-start=\"983\" data-end=\"986\" \/>\ud83c\udf47 <strong data-start=\"989\" data-end=\"1000\">C\u00e9pages<\/strong> : Assemblage typique de la r\u00e9gion, domin\u00e9 par des vari\u00e9t\u00e9s rouges fruit\u00e9es.<br data-start=\"1076\" data-end=\"1079\" \/>\ud83c\udf7e <strong data-start=\"1082\" data-end=\"1092\">Format<\/strong> : 75 cl.<br data-start=\"1101\" data-end=\"1104\" \/>% <strong data-start=\"1106\" data-end=\"1123\">Taux d\u2019alcool<\/strong> : <strong data-start=\"1126\" data-end=\"1141\">12,5 % vol.<\/strong><\/p>\n<hr data-start=\"1145\" data-end=\"1150\" \/>\n<h3 data-start=\"1152\" data-end=\"1173\"><strong data-start=\"1156\" data-end=\"1171\">D\u00e9gustation<\/strong><\/h3>\n<p data-start=\"1175\" data-end=\"1474\">\ud83d\udc43 <strong data-start=\"1178\" data-end=\"1185\">Nez<\/strong> : Expressif et charmeur, avec des ar\u00f4mes de <strong data-start=\"1230\" data-end=\"1320\">fruits rouges frais (framboise, groseille), notes \u00e9pic\u00e9es et une l\u00e9g\u00e8re touche florale<\/strong>.<br data-start=\"1321\" data-end=\"1324\" \/>\ud83d\udc44 <strong data-start=\"1327\" data-end=\"1337\">Bouche<\/strong> : L\u00e9g\u00e8re et fluide, port\u00e9e par une belle acidit\u00e9 qui dynamise l\u2019ensemble. Les tanins sont fins, offrant une texture souple et digeste.<\/p>\n<hr data-start=\"1476\" data-end=\"1481\" \/>\n<h3 data-start=\"1483\" data-end=\"1523\"><strong data-start=\"1487\" data-end=\"1521\">Un Rouge Festif et D\u00e9salt\u00e9rant<\/strong><\/h3>\n<p data-start=\"1525\" data-end=\"1761\"><strong data-start=\"1525\" data-end=\"1553\">&#8220;Pour Aller Danser&#8221; 2022<\/strong> est le compagnon id\u00e9al des instants l\u00e9gers et spontan\u00e9s. Un vin rouge <strong data-start=\"1624\" data-end=\"1654\">croquant et rafra\u00eechissant<\/strong>, qui se d\u00e9guste avec plaisir et sans complexe. <strong data-start=\"1702\" data-end=\"1759\">Un v\u00e9ritable vin de copains, \u00e0 ouvrir sans attendre !<\/strong><\/p>\n<p data-start=\"1763\" data-end=\"1827\" data-is-last-node=\"\" data-is-only-node=\"\">\u2728 <strong data-start=\"1765\" data-end=\"1824\">Disponible d\u00e8s maintenant sur notre boutique en ligne !<\/strong> \ud83c\udf77<\/p>\n<\/div>\n<\/div>\n<\/div>\n<\/div>\n","protected":false},"excerpt":{"rendered":"<h3 data-start=\"0\" data-end=\"71\">IGP du Vaucluse &#8220;Pour Aller Danser&#8221; 2022 \u2013 Domaine Childeric \ud83d\udc83\ud83c\udf77<\/h3>\n<p data-start=\"73\" data-end=\"328\">Le <strong data-start=\"76\" data-end=\"104\">&#8220;Pour Aller Danser&#8221; 2022<\/strong> du <strong data-start=\"108\" data-end=\"129\">Domaine Childeric<\/strong> est un vin rouge \u00e9clatant et gourmand, parfait pour partager des moments conviviaux. Issu d\u2019une viticulture respectueuse, ce vin s\u00e9duit par sa fra\u00eecheur, son fruit croquant et sa belle buvabilit\u00e9.<\/p>\n<p data-start=\"330\" data-end=\"584\">\ud83d\udcc5 <strong data-start=\"333\" data-end=\"346\">Mill\u00e9sime<\/strong> : 2022, vif et expressif.<br data-start=\"372\" data-end=\"375\" \/>\ud83d\udccd <strong data-start=\"378\" data-end=\"388\">R\u00e9gion<\/strong> : <strong data-start=\"391\" data-end=\"407\" data-is-only-node=\"\">IGP Vaucluse<\/strong>, terroir ensoleill\u00e9 du sud de la France.<br data-start=\"448\" data-end=\"451\" \/>\ud83c\udf47 <strong data-start=\"454\" data-end=\"465\">C\u00e9pages<\/strong> : Assemblage typique de la r\u00e9gion, fruit\u00e9 et \u00e9quilibr\u00e9.<br data-start=\"521\" data-end=\"524\" \/>\ud83c\udf7e <strong data-start=\"527\" data-end=\"537\">Format<\/strong> : 75 cl.<br data-start=\"546\" data-end=\"549\" \/>% <strong data-start=\"551\" data-end=\"568\">Taux d\u2019alcool<\/strong> : 12,5 % vol.<\/p>\n<p data-start=\"586\" data-end=\"753\">\ud83d\udc43 <strong data-start=\"589\" data-end=\"596\">Nez<\/strong> : Notes de <strong data-start=\"608\" data-end=\"664\">fruits rouges frais, \u00e9pices douces et touche florale<\/strong>.<br data-start=\"665\" data-end=\"668\" \/>\ud83d\udc44 <strong data-start=\"671\" data-end=\"681\" data-is-only-node=\"\">Bouche<\/strong> : Juteuse, l\u00e9g\u00e8re et fluide, aux tanins fins et \u00e0 la belle fra\u00eecheur.<\/p>\n<p data-start=\"755\" data-end=\"880\" data-is-last-node=\"\" data-is-only-node=\"\">Un <strong data-start=\"758\" data-end=\"790\">rouge gourmand et accessible<\/strong>, id\u00e9al pour des instants de plaisir simples et festifs. <strong data-start=\"847\" data-end=\"876\">\u00c0 d\u00e9couvrir sans tarder !<\/strong> \ud83c\udf77\u2728<\/p>\n","protected":false},"featured_media":671,"comment_status":"open","ping_status":"closed","template":"","meta":[],"product_brand":[],"product_cat":[227,240,26,272],"product_tag":[],"class_list":{"0":"post-218","1":"product","2":"type-product","3":"status-publish","4":"has-post-thumbnail","6":"product_cat-cotes-du-rhone","7":"product_cat-vignerons-domaine-childeric","8":"product_cat-bouteilles-vins-blancs","9":"product_cat-vins-blancs-cotes-du-rhone","12":"first","13":"instock","14":"shipping-taxable","15":"purchasable","16":"product-type-simple"},"_links":{"self":[{"href":"https:\/\/lerousseaugrenoble.fr\/boutique\/wp-json\/wp\/v2\/product\/218","targetHints":{"allow":["GET"]}}],"collection":[{"href":"https:\/\/lerousseaugrenoble.fr\/boutique\/wp-json\/wp\/v2\/product"}],"about":[{"href":"https:\/\/lerousseaugrenoble.fr\/boutique\/wp-json\/wp\/v2\/types\/product"}],"replies":[{"embeddable":true,"href":"https:\/\/lerousseaugrenoble.fr\/boutique\/wp-json\/wp\/v2\/comments?post=218"}],"version-history":[{"count":1,"href":"https:\/\/lerousseaugrenoble.fr\/boutique\/wp-json\/wp\/v2\/product\/218\/revisions"}],"predecessor-version":[{"id":25308,"href":"https:\/\/lerousseaugrenoble.fr\/boutique\/wp-json\/wp\/v2\/product\/218\/revisions\/25308"}],"wp:featuredmedia":[{"embeddable":true,"href":"https:\/\/lerousseaugrenoble.fr\/boutique\/wp-json\/wp\/v2\/media\/671"}],"wp:attachment":[{"href":"https:\/\/lerousseaugrenoble.fr\/boutique\/wp-json\/wp\/v2\/media?parent=218"}],"wp:term":[{"taxonomy":"product_brand","embeddable":true,"href":"https:\/\/lerousseaugrenoble.fr\/boutique\/wp-json\/wp\/v2\/product_brand?post=218"},{"taxonomy":"product_cat","embeddable":true,"href":"https:\/\/lerousseaugrenoble.fr\/boutique\/wp-json\/wp\/v2\/product_cat?post=218"},{"taxonomy":"product_tag","embeddable":true,"href":"https:\/\/lerousseaugrenoble.fr\/boutique\/wp-json\/wp\/v2\/product_tag?post=218"}],"curies":[{"name":"wp","href":"https:\/\/api.w.org\/{rel}","templated":true}]}}