{"id":215,"date":"2025-02-24T12:36:56","date_gmt":"2025-02-24T11:36:56","guid":{"rendered":"https:\/\/lerousseaugrenoble.fr\/boutique\/?post_type=product&#038;p=215"},"modified":"2025-05-09T14:07:18","modified_gmt":"2025-05-09T12:07:18","slug":"pinot-gris-clos-des-capucins-weinbach-2021","status":"publish","type":"product","link":"https:\/\/lerousseaugrenoble.fr\/boutique\/produit\/pinot-gris-clos-des-capucins-weinbach-2021\/","title":{"rendered":"Pinot Gris Clos des Capucins Weinbach 2021"},"content":{"rendered":"<div class=\"flex max-w-full flex-col flex-grow\">\n<div class=\"min-h-8 text-message flex w-full flex-col items-end gap-2 whitespace-normal break-words text-start [.text-message+&amp;]:mt-5\" dir=\"auto\" data-message-author-role=\"assistant\" data-message-id=\"23e4d35e-d300-4707-9529-7fdea6fce180\" data-message-model-slug=\"gpt-4o\">\n<div class=\"flex w-full flex-col gap-1 empty:hidden first:pt-[3px]\">\n<div class=\"markdown prose w-full break-words dark:prose-invert dark\">\n<h3 data-start=\"0\" data-end=\"62\">Pinot Gris Clos des Capucins 2021 \u2013 Domaine Weinbach \ud83c\udf47\u2728<\/h3>\n<p data-start=\"64\" data-end=\"354\">Le <strong data-start=\"67\" data-end=\"104\">Pinot Gris Clos des Capucins 2021<\/strong> du <strong data-start=\"108\" data-end=\"128\">Domaine Weinbach<\/strong> est un vin d\u2019<strong data-start=\"142\" data-end=\"152\">Alsace<\/strong> \u00e0 la fois riche et \u00e9l\u00e9gant, issu du prestigieux <strong data-start=\"201\" data-end=\"222\">Clos des Capucins<\/strong>. Ce terroir historique conf\u00e8re au <strong data-start=\"257\" data-end=\"271\">Pinot Gris<\/strong> une profondeur unique, combinant complexit\u00e9 aromatique, fra\u00eecheur et min\u00e9ralit\u00e9.<\/p>\n<hr data-start=\"356\" data-end=\"361\" \/>\n<h3 data-start=\"363\" data-end=\"419\"><strong data-start=\"367\" data-end=\"417\">Le Domaine Weinbach : Une R\u00e9f\u00e9rence Alsacienne<\/strong><\/h3>\n<p data-start=\"421\" data-end=\"752\">Fond\u00e9 en <strong data-start=\"430\" data-end=\"438\">1612<\/strong>, le <strong data-start=\"443\" data-end=\"463\">Domaine Weinbach<\/strong> est une ic\u00f4ne du vignoble alsacien, r\u00e9put\u00e9 pour son approche en <strong data-start=\"528\" data-end=\"542\">biodynamie<\/strong> et son travail minutieux du terroir. Le <strong data-start=\"583\" data-end=\"604\">Clos des Capucins<\/strong>, situ\u00e9 au pied du <strong data-start=\"623\" data-end=\"638\">Schlossberg<\/strong>, est un terroir d\u2019exception qui donne naissance \u00e0 des vins d\u2019une grande finesse et d\u2019une pr\u00e9cision remarquable.<\/p>\n<hr data-start=\"754\" data-end=\"759\" \/>\n<h3 data-start=\"761\" data-end=\"794\"><strong data-start=\"765\" data-end=\"792\">Caract\u00e9ristiques du Vin<\/strong><\/h3>\n<p data-start=\"796\" data-end=\"1083\">\ud83d\udcc5 <strong data-start=\"799\" data-end=\"812\">Mill\u00e9sime<\/strong> : 2021, \u00e9quilibr\u00e9 et aromatique.<br data-start=\"845\" data-end=\"848\" \/>\ud83d\udccd <strong data-start=\"851\" data-end=\"861\">R\u00e9gion<\/strong> : <strong data-start=\"864\" data-end=\"874\">Alsace<\/strong>, terroir du <strong data-start=\"887\" data-end=\"908\">Clos des Capucins<\/strong>, aux sols alluvionnaires et calcaires.<br data-start=\"947\" data-end=\"950\" \/>\ud83c\udf47 <strong data-start=\"953\" data-end=\"963\">C\u00e9page<\/strong> : <strong data-start=\"966\" data-end=\"980\">Pinot Gris<\/strong>, ample et expressif.<br data-start=\"1001\" data-end=\"1004\" \/>\ud83c\udf7e <strong data-start=\"1007\" data-end=\"1017\">Format<\/strong> : Bouteille de <strong data-start=\"1033\" data-end=\"1042\">75 cl<\/strong>.<br data-start=\"1043\" data-end=\"1046\" \/>% <strong data-start=\"1048\" data-end=\"1065\">Taux d\u2019alcool<\/strong> : <strong data-start=\"1068\" data-end=\"1081\">13 % vol.<\/strong><\/p>\n<hr data-start=\"1085\" data-end=\"1090\" \/>\n<h3 data-start=\"1092\" data-end=\"1113\"><strong data-start=\"1096\" data-end=\"1111\">D\u00e9gustation<\/strong><\/h3>\n<p data-start=\"1115\" data-end=\"1408\">\ud83d\udc43 <strong data-start=\"1118\" data-end=\"1125\">Nez<\/strong> : Expressif, sur des ar\u00f4mes de <strong data-start=\"1157\" data-end=\"1251\">fruits jaunes m\u00fbrs (mirabelle, p\u00eache), de miel, de fruits secs et de subtiles notes fum\u00e9es<\/strong>.<br data-start=\"1252\" data-end=\"1255\" \/>\ud83d\udc44 <strong data-start=\"1258\" data-end=\"1268\">Bouche<\/strong> : Ample et soyeuse, belle tension \u00e9quilibrant la richesse du vin, avec une finale longue et \u00e9l\u00e9gante, marqu\u00e9e par une min\u00e9ralit\u00e9 subtile.<\/p>\n<hr data-start=\"1410\" data-end=\"1415\" \/>\n<h3 data-start=\"1417\" data-end=\"1457\"><strong data-start=\"1421\" data-end=\"1455\">Un Pinot Gris Riche et Raffin\u00e9<\/strong><\/h3>\n<p data-start=\"1459\" data-end=\"1758\">\u00c0 la fois <strong data-start=\"1469\" data-end=\"1494\">gourmand et structur\u00e9<\/strong>, le <strong data-start=\"1499\" data-end=\"1536\">Pinot Gris Clos des Capucins 2021<\/strong> est un blanc d\u2019une grande complexit\u00e9, parfait pour les amateurs de vins \u00e9l\u00e9gants et expressifs. Son \u00e9quilibre entre <strong data-start=\"1653\" data-end=\"1677\">rondeur et fra\u00eecheur<\/strong> en fait une cuv\u00e9e \u00e0 d\u00e9guster d\u00e8s maintenant ou apr\u00e8s quelques ann\u00e9es de garde.<\/p>\n<p data-start=\"1760\" data-end=\"1824\" data-is-last-node=\"\" data-is-only-node=\"\">\u2728 <strong data-start=\"1762\" data-end=\"1821\">Disponible d\u00e8s maintenant sur notre boutique en ligne !<\/strong> \ud83c\udf77<\/p>\n<\/div>\n<\/div>\n<\/div>\n<\/div>\n","protected":false},"excerpt":{"rendered":"<h3 data-start=\"0\" data-end=\"62\">Pinot Gris Clos des Capucins 2021 \u2013 Domaine Weinbach \ud83c\udf47\u2728<\/h3>\n<p data-start=\"64\" data-end=\"317\">Le <strong data-start=\"67\" data-end=\"104\">Pinot Gris Clos des Capucins 2021<\/strong> du <strong data-start=\"108\" data-end=\"128\">Domaine Weinbach<\/strong> est un vin d\u2019<strong data-start=\"142\" data-end=\"152\">Alsace<\/strong> alliant richesse aromatique et \u00e9l\u00e9gance. Issu du terroir prestigieux du <strong data-start=\"225\" data-end=\"246\">Clos des Capucins<\/strong>, il d\u00e9voile une belle complexit\u00e9 entre fruit, min\u00e9ralit\u00e9 et finesse.<\/p>\n<p data-start=\"319\" data-end=\"543\">\ud83d\udcc5 <strong data-start=\"322\" data-end=\"335\">Mill\u00e9sime<\/strong> : 2021, \u00e9quilibr\u00e9 et aromatique.<br data-start=\"368\" data-end=\"371\" \/>\ud83d\udccd <strong data-start=\"374\" data-end=\"384\">R\u00e9gion<\/strong> : <strong data-start=\"387\" data-end=\"397\" data-is-only-node=\"\">Alsace<\/strong>, terroir du Clos des Capucins.<br data-start=\"428\" data-end=\"431\" \/>\ud83c\udf47 <strong data-start=\"434\" data-end=\"444\">C\u00e9page<\/strong> : <strong data-start=\"447\" data-end=\"461\">Pinot Gris<\/strong>, ample et expressif.<br data-start=\"482\" data-end=\"485\" \/>\ud83c\udf7e <strong data-start=\"488\" data-end=\"498\">Format<\/strong> : 75 cl.<br data-start=\"507\" data-end=\"510\" \/>% <strong data-start=\"512\" data-end=\"529\">Taux d\u2019alcool<\/strong> : 13 % vol.<\/p>\n<p data-start=\"545\" data-end=\"727\">\ud83d\udc43 <strong data-start=\"548\" data-end=\"555\">Nez<\/strong> : Notes de fruits jaunes, miel, \u00e9pices et l\u00e9g\u00e8re touche fum\u00e9e.<br data-start=\"618\" data-end=\"621\" \/>\ud83d\udc44 <strong data-start=\"624\" data-end=\"634\">Bouche<\/strong> : Ample et gourmande, bel \u00e9quilibre entre rondeur et fra\u00eecheur, finale longue et \u00e9l\u00e9gante.<\/p>\n<p data-start=\"729\" data-end=\"855\" data-is-last-node=\"\" data-is-only-node=\"\">Un <strong data-start=\"732\" data-end=\"766\">Pinot Gris raffin\u00e9 et complexe<\/strong>, id\u00e9al pour les amateurs de grands blancs alsaciens. <strong data-start=\"820\" data-end=\"851\">\u00c0 d\u00e9couvrir sans attendre !<\/strong> \ud83c\udf77\u2728<\/p>\n","protected":false},"featured_media":676,"comment_status":"open","ping_status":"closed","template":"","meta":[],"product_brand":[],"product_cat":[109,26,271,112],"product_tag":[],"class_list":{"0":"post-215","1":"product","2":"type-product","3":"status-publish","4":"has-post-thumbnail","6":"product_cat-alsace","7":"product_cat-bouteilles-vins-blancs","8":"product_cat-vins-blancs-alsace","9":"product_cat-vignerons-weinbach","12":"first","13":"instock","14":"shipping-taxable","15":"purchasable","16":"product-type-simple"},"_links":{"self":[{"href":"https:\/\/lerousseaugrenoble.fr\/boutique\/wp-json\/wp\/v2\/product\/215","targetHints":{"allow":["GET"]}}],"collection":[{"href":"https:\/\/lerousseaugrenoble.fr\/boutique\/wp-json\/wp\/v2\/product"}],"about":[{"href":"https:\/\/lerousseaugrenoble.fr\/boutique\/wp-json\/wp\/v2\/types\/product"}],"replies":[{"embeddable":true,"href":"https:\/\/lerousseaugrenoble.fr\/boutique\/wp-json\/wp\/v2\/comments?post=215"}],"version-history":[{"count":1,"href":"https:\/\/lerousseaugrenoble.fr\/boutique\/wp-json\/wp\/v2\/product\/215\/revisions"}],"predecessor-version":[{"id":25310,"href":"https:\/\/lerousseaugrenoble.fr\/boutique\/wp-json\/wp\/v2\/product\/215\/revisions\/25310"}],"wp:featuredmedia":[{"embeddable":true,"href":"https:\/\/lerousseaugrenoble.fr\/boutique\/wp-json\/wp\/v2\/media\/676"}],"wp:attachment":[{"href":"https:\/\/lerousseaugrenoble.fr\/boutique\/wp-json\/wp\/v2\/media?parent=215"}],"wp:term":[{"taxonomy":"product_brand","embeddable":true,"href":"https:\/\/lerousseaugrenoble.fr\/boutique\/wp-json\/wp\/v2\/product_brand?post=215"},{"taxonomy":"product_cat","embeddable":true,"href":"https:\/\/lerousseaugrenoble.fr\/boutique\/wp-json\/wp\/v2\/product_cat?post=215"},{"taxonomy":"product_tag","embeddable":true,"href":"https:\/\/lerousseaugrenoble.fr\/boutique\/wp-json\/wp\/v2\/product_tag?post=215"}],"curies":[{"name":"wp","href":"https:\/\/api.w.org\/{rel}","templated":true}]}}