{"id":214,"date":"2025-02-24T12:34:26","date_gmt":"2025-02-24T11:34:26","guid":{"rendered":"https:\/\/lerousseaugrenoble.fr\/boutique\/?post_type=product&#038;p=214"},"modified":"2025-05-09T14:08:02","modified_gmt":"2025-05-09T12:08:02","slug":"riesling-theo-weinbach-2021","status":"publish","type":"product","link":"https:\/\/lerousseaugrenoble.fr\/boutique\/produit\/riesling-theo-weinbach-2021\/","title":{"rendered":"Riesling Th\u00e9o Weinbach 2021"},"content":{"rendered":"<article class=\"w-full text-token-text-primary focus-visible:outline-2 focus-visible:outline-offset-[-4px]\" dir=\"auto\" data-testid=\"conversation-turn-67\" data-scroll-anchor=\"false\">\n<div class=\"m-auto text-base py-[18px] px-6\">\n<div class=\"mx-auto flex flex-1 text-base gap-4 md:gap-5 lg:gap-6 md:max-w-3xl lg:max-w-[40rem] xl:max-w-[48rem]\">\n<div class=\"group\/conversation-turn relative flex w-full min-w-0 flex-col agent-turn @xs\/thread:px-0 @sm\/thread:px-1.5 @md\/thread:px-4\">\n<div class=\"flex-col gap-1 md:gap-3\">\n<div class=\"flex max-w-full flex-col flex-grow\">\n<div class=\"min-h-8 text-message flex w-full flex-col items-end gap-2 whitespace-normal break-words text-start [.text-message+&amp;]:mt-5\" dir=\"auto\" data-message-author-role=\"assistant\" data-message-id=\"4abfdbe1-fc43-43e3-9e19-dfad49b45c52\" data-message-model-slug=\"gpt-4o\">\n<div class=\"flex w-full flex-col gap-1 empty:hidden first:pt-[3px]\">\n<div class=\"markdown prose w-full break-words dark:prose-invert dark\">\n<h3 data-start=\"0\" data-end=\"70\">Riesling Th\u00e9o Weinbach 2021 \u2013 La Puret\u00e9 du Terroir Alsacien \ud83c\udf3f\ud83c\udf77<\/h3>\n<p data-start=\"72\" data-end=\"368\">Le <strong data-start=\"75\" data-end=\"97\">Riesling Th\u00e9o 2021<\/strong> du <strong data-start=\"101\" data-end=\"121\">Domaine Weinbach<\/strong> est une cuv\u00e9e embl\u00e9matique qui incarne toute la finesse et la min\u00e9ralit\u00e9 des grands <strong data-start=\"206\" data-end=\"228\">Rieslings d\u2019Alsace<\/strong>. Issu du terroir historique du <strong data-start=\"260\" data-end=\"281\">Clos des Capucins<\/strong>, ce vin se distingue par sa tension, son \u00e9l\u00e9gance et sa belle complexit\u00e9 aromatique.<\/p>\n<hr data-start=\"370\" data-end=\"375\" \/>\n<h3 data-start=\"377\" data-end=\"432\"><strong data-start=\"381\" data-end=\"430\">Le Domaine Weinbach : Une R\u00e9f\u00e9rence en Alsace<\/strong><\/h3>\n<p data-start=\"434\" data-end=\"765\">Fond\u00e9 en <strong data-start=\"443\" data-end=\"451\">1612<\/strong>, le <strong data-start=\"456\" data-end=\"476\">Domaine Weinbach<\/strong> est une v\u00e9ritable institution en Alsace. Situ\u00e9 au c\u0153ur du <strong data-start=\"535\" data-end=\"556\">Clos des Capucins<\/strong>, il est reconnu pour son travail en <strong data-start=\"593\" data-end=\"607\">biodynamie<\/strong> et son respect du terroir. Chaque cuv\u00e9e exprime avec justesse l\u2019identit\u00e9 unique du vignoble, offrant des vins d\u2019une pr\u00e9cision et d\u2019une puret\u00e9 remarquables.<\/p>\n<hr data-start=\"767\" data-end=\"772\" \/>\n<h3 data-start=\"774\" data-end=\"807\"><strong data-start=\"778\" data-end=\"805\">Caract\u00e9ristiques du Vin<\/strong><\/h3>\n<p data-start=\"809\" data-end=\"1135\">\ud83d\udcc5 <strong data-start=\"812\" data-end=\"825\">Mill\u00e9sime<\/strong> : 2021, marqu\u00e9 par une belle fra\u00eecheur et une tension min\u00e9rale.<br data-start=\"889\" data-end=\"892\" \/>\ud83d\udccd <strong data-start=\"895\" data-end=\"905\">R\u00e9gion<\/strong> : <strong data-start=\"908\" data-end=\"918\">Alsace<\/strong>, terroir du <strong data-start=\"931\" data-end=\"952\">Clos des Capucins<\/strong>, r\u00e9put\u00e9 pour ses sols granitiques et calcaires.<br data-start=\"1000\" data-end=\"1003\" \/>\ud83c\udf47 <strong data-start=\"1006\" data-end=\"1016\">C\u00e9page<\/strong> : <strong data-start=\"1019\" data-end=\"1031\">Riesling<\/strong>, vif et aromatique.<br data-start=\"1051\" data-end=\"1054\" \/>\ud83c\udf7e <strong data-start=\"1057\" data-end=\"1067\">Format<\/strong> : Bouteille de <strong data-start=\"1083\" data-end=\"1092\">75 cl<\/strong>.<br data-start=\"1093\" data-end=\"1096\" \/>% <strong data-start=\"1098\" data-end=\"1115\">Taux d\u2019alcool<\/strong> : <strong data-start=\"1118\" data-end=\"1133\">12,5 % vol.<\/strong><\/p>\n<hr data-start=\"1137\" data-end=\"1142\" \/>\n<h3 data-start=\"1144\" data-end=\"1165\"><strong data-start=\"1148\" data-end=\"1163\">D\u00e9gustation<\/strong><\/h3>\n<p data-start=\"1167\" data-end=\"1462\">\ud83d\udc43 <strong data-start=\"1170\" data-end=\"1177\">Nez<\/strong> : Expressif, avec des ar\u00f4mes d\u2019<strong data-start=\"1209\" data-end=\"1283\">agrumes (citron, pamplemousse), de fleurs blanches et de pierre humide<\/strong>, typiques des grands Rieslings alsaciens.<br data-start=\"1325\" data-end=\"1328\" \/>\ud83d\udc44 <strong data-start=\"1331\" data-end=\"1341\">Bouche<\/strong> : Attaque vive et tendue, superbe \u00e9quilibre entre fra\u00eecheur et rondeur, min\u00e9ralit\u00e9 marqu\u00e9e et finale longue et saline.<\/p>\n<hr data-start=\"1464\" data-end=\"1469\" \/>\n<h3 data-start=\"1471\" data-end=\"1508\"><strong data-start=\"1475\" data-end=\"1506\">Un Riesling \u00c9l\u00e9gant et Rac\u00e9<\/strong><\/h3>\n<p data-start=\"1510\" data-end=\"1779\">Avec sa puret\u00e9 et son intensit\u00e9 aromatique, le <strong data-start=\"1557\" data-end=\"1579\">Riesling Th\u00e9o 2021<\/strong> est un vin de terroir vibrant, parfait pour les amateurs de <strong data-start=\"1640\" data-end=\"1667\">grands blancs alsaciens<\/strong>. Son potentiel de garde en fait un excellent choix \u00e0 d\u00e9guster d\u00e8s aujourd\u2019hui ou \u00e0 conserver quelques ann\u00e9es.<\/p>\n<p data-start=\"1781\" data-end=\"1845\" data-is-last-node=\"\" data-is-only-node=\"\">\u2728 <strong data-start=\"1783\" data-end=\"1842\">Disponible d\u00e8s maintenant sur notre boutique en ligne !<\/strong> \ud83c\udf77<\/p>\n<\/div>\n<\/div>\n<\/div>\n<\/div>\n<\/div>\n<\/div>\n<\/div>\n<\/div>\n<\/article>\n","protected":false},"excerpt":{"rendered":"<h3 data-start=\"0\" data-end=\"61\">Riesling Th\u00e9o Weinbach 2021 \u2013 Puret\u00e9 et Min\u00e9ralit\u00e9 \ud83c\udf3f\ud83c\udf77<\/h3>\n<p data-start=\"63\" data-end=\"273\">Le <strong data-start=\"66\" data-end=\"88\">Riesling Th\u00e9o 2021<\/strong> du <strong data-start=\"92\" data-end=\"112\">Domaine Weinbach<\/strong> incarne l\u2019\u00e9l\u00e9gance des grands <strong data-start=\"143\" data-end=\"165\">Rieslings d\u2019Alsace<\/strong>. Issu du <strong data-start=\"175\" data-end=\"196\">Clos des Capucins<\/strong>, il s\u00e9duit par sa tension, sa fra\u00eecheur et sa belle complexit\u00e9 aromatique.<\/p>\n<p data-start=\"275\" data-end=\"514\">\ud83d\udcc5 <strong data-start=\"278\" data-end=\"291\">Mill\u00e9sime<\/strong> : 2021, pr\u00e9cis et \u00e9quilibr\u00e9.<br data-start=\"320\" data-end=\"323\" \/>\ud83d\udccd <strong data-start=\"326\" data-end=\"336\">R\u00e9gion<\/strong> : <strong data-start=\"339\" data-end=\"349\" data-is-only-node=\"\">Alsace<\/strong>, terroir granitique et calcaire du Clos des Capucins.<br data-start=\"403\" data-end=\"406\" \/>\ud83c\udf47 <strong data-start=\"409\" data-end=\"419\">C\u00e9page<\/strong> : <strong data-start=\"422\" data-end=\"434\">Riesling<\/strong>, vif et min\u00e9ral.<br data-start=\"451\" data-end=\"454\" \/>\ud83c\udf7e <strong data-start=\"457\" data-end=\"467\">Format<\/strong> : 75 cl.<br data-start=\"476\" data-end=\"479\" \/>% <strong data-start=\"481\" data-end=\"498\">Taux d\u2019alcool<\/strong> : 12,5 % vol.<\/p>\n<p data-start=\"516\" data-end=\"628\">\ud83d\udc43 <strong data-start=\"519\" data-end=\"526\">Nez<\/strong> : Agrumes, fleurs blanches, pierre humide.<br data-start=\"569\" data-end=\"572\" \/>\ud83d\udc44 <strong data-start=\"575\" data-end=\"585\">Bouche<\/strong> : Vive, saline, finale longue et tendue.<\/p>\n<p data-start=\"630\" data-end=\"753\" data-is-last-node=\"\" data-is-only-node=\"\">Un <strong data-start=\"633\" data-end=\"661\">Riesling \u00e9l\u00e9gant et rac\u00e9<\/strong>, parfait pour les amateurs de grands blancs alsaciens. <strong data-start=\"717\" data-end=\"749\">\u00c0 d\u00e9couvrir d\u00e8s maintenant !<\/strong> \u2728\ud83c\udf77<\/p>\n","protected":false},"featured_media":683,"comment_status":"open","ping_status":"closed","template":"","meta":[],"product_brand":[],"product_cat":[109,26,271,112],"product_tag":[],"class_list":{"0":"post-214","1":"product","2":"type-product","3":"status-publish","4":"has-post-thumbnail","6":"product_cat-alsace","7":"product_cat-bouteilles-vins-blancs","8":"product_cat-vins-blancs-alsace","9":"product_cat-vignerons-weinbach","12":"first","13":"instock","14":"shipping-taxable","15":"purchasable","16":"product-type-simple"},"_links":{"self":[{"href":"https:\/\/lerousseaugrenoble.fr\/boutique\/wp-json\/wp\/v2\/product\/214","targetHints":{"allow":["GET"]}}],"collection":[{"href":"https:\/\/lerousseaugrenoble.fr\/boutique\/wp-json\/wp\/v2\/product"}],"about":[{"href":"https:\/\/lerousseaugrenoble.fr\/boutique\/wp-json\/wp\/v2\/types\/product"}],"replies":[{"embeddable":true,"href":"https:\/\/lerousseaugrenoble.fr\/boutique\/wp-json\/wp\/v2\/comments?post=214"}],"version-history":[{"count":1,"href":"https:\/\/lerousseaugrenoble.fr\/boutique\/wp-json\/wp\/v2\/product\/214\/revisions"}],"predecessor-version":[{"id":25311,"href":"https:\/\/lerousseaugrenoble.fr\/boutique\/wp-json\/wp\/v2\/product\/214\/revisions\/25311"}],"wp:featuredmedia":[{"embeddable":true,"href":"https:\/\/lerousseaugrenoble.fr\/boutique\/wp-json\/wp\/v2\/media\/683"}],"wp:attachment":[{"href":"https:\/\/lerousseaugrenoble.fr\/boutique\/wp-json\/wp\/v2\/media?parent=214"}],"wp:term":[{"taxonomy":"product_brand","embeddable":true,"href":"https:\/\/lerousseaugrenoble.fr\/boutique\/wp-json\/wp\/v2\/product_brand?post=214"},{"taxonomy":"product_cat","embeddable":true,"href":"https:\/\/lerousseaugrenoble.fr\/boutique\/wp-json\/wp\/v2\/product_cat?post=214"},{"taxonomy":"product_tag","embeddable":true,"href":"https:\/\/lerousseaugrenoble.fr\/boutique\/wp-json\/wp\/v2\/product_tag?post=214"}],"curies":[{"name":"wp","href":"https:\/\/api.w.org\/{rel}","templated":true}]}}