{"id":213,"date":"2025-02-24T12:31:59","date_gmt":"2025-02-24T11:31:59","guid":{"rendered":"https:\/\/lerousseaugrenoble.fr\/boutique\/?post_type=product&#038;p=213"},"modified":"2025-03-12T14:17:12","modified_gmt":"2025-03-12T13:17:12","slug":"sylvaner-weinbach-2021","status":"publish","type":"product","link":"https:\/\/lerousseaugrenoble.fr\/boutique\/produit\/sylvaner-weinbach-2021\/","title":{"rendered":"Sylvaner Weinbach 2021"},"content":{"rendered":"<div class=\"flex max-w-full flex-col flex-grow\">\n<div class=\"min-h-8 text-message flex w-full flex-col items-end gap-2 whitespace-normal break-words text-start [.text-message+&amp;]:mt-5\" dir=\"auto\" data-message-author-role=\"assistant\" data-message-id=\"5b39d57a-aa84-449f-84f0-7b9127763fca\" data-message-model-slug=\"gpt-4o\">\n<div class=\"flex w-full flex-col gap-1 empty:hidden first:pt-[3px]\">\n<div class=\"markdown prose w-full break-words dark:prose-invert dark\">\n<h3 data-start=\"0\" data-end=\"66\">Sylvaner Weinbach 2021 \u2013 L\u2019\u00e9l\u00e9gance du terroir alsacien \ud83c\udf3f\ud83c\udf77<\/h3>\n<p data-start=\"68\" data-end=\"351\">Le <strong data-start=\"71\" data-end=\"97\">Sylvaner Weinbach 2021<\/strong> est une cuv\u00e9e raffin\u00e9e issue du prestigieux <strong data-start=\"142\" data-end=\"162\">Domaine Weinbach<\/strong>, une r\u00e9f\u00e9rence incontournable des vins d\u2019<strong data-start=\"204\" data-end=\"214\">Alsace<\/strong>. Ce <strong data-start=\"219\" data-end=\"231\">Sylvaner<\/strong> exprime \u00e0 merveille la puret\u00e9 et la min\u00e9ralit\u00e9 de son terroir, offrant un vin frais, cisel\u00e9 et d\u2019une grande \u00e9l\u00e9gance.<\/p>\n<hr data-start=\"353\" data-end=\"358\" \/>\n<h3 data-start=\"360\" data-end=\"415\"><strong data-start=\"364\" data-end=\"413\">Le Domaine Weinbach : L\u2019Excellence Alsacienne<\/strong><\/h3>\n<p data-start=\"417\" data-end=\"744\">Fond\u00e9 en <strong data-start=\"426\" data-end=\"434\">1612<\/strong>, le <strong data-start=\"439\" data-end=\"459\">Domaine Weinbach<\/strong> est l\u2019un des joyaux du vignoble alsacien. Nich\u00e9 au c\u0153ur du <strong data-start=\"519\" data-end=\"540\">Clos des Capucins<\/strong>, il est reconnu pour son travail minutieux des c\u00e9pages alsaciens et sa culture en <strong data-start=\"623\" data-end=\"637\">biodynamie<\/strong>. Chaque vin refl\u00e8te avec justesse son terroir d\u2019origine, avec une pr\u00e9cision et une finesse remarquables.<\/p>\n<hr data-start=\"746\" data-end=\"751\" \/>\n<h3 data-start=\"753\" data-end=\"786\"><strong data-start=\"757\" data-end=\"784\">Caract\u00e9ristiques du Vin<\/strong><\/h3>\n<p data-start=\"788\" data-end=\"1125\">\ud83d\udcc5 <strong data-start=\"791\" data-end=\"804\">Mill\u00e9sime<\/strong> : 2021, marqu\u00e9 par une belle fra\u00eecheur et une tension min\u00e9rale.<br data-start=\"868\" data-end=\"871\" \/>\ud83d\udccd <strong data-start=\"874\" data-end=\"884\">R\u00e9gion<\/strong> : <strong data-start=\"887\" data-end=\"897\">Alsace<\/strong>, terroir du <strong data-start=\"910\" data-end=\"931\">Clos des Capucins<\/strong>, r\u00e9put\u00e9 pour ses sols riches en alluvions et en calcaire.<br data-start=\"989\" data-end=\"992\" \/>\ud83c\udf47 <strong data-start=\"995\" data-end=\"1005\">C\u00e9page<\/strong> : <strong data-start=\"1008\" data-end=\"1020\">Sylvaner<\/strong>, \u00e9l\u00e9gant et expressif.<br data-start=\"1043\" data-end=\"1046\" \/>\ud83c\udf7e <strong data-start=\"1049\" data-end=\"1059\">Format<\/strong> : Bouteille de <strong data-start=\"1075\" data-end=\"1084\">75 cl<\/strong>.<br data-start=\"1085\" data-end=\"1088\" \/>% <strong data-start=\"1090\" data-end=\"1107\">Taux d\u2019alcool<\/strong> : <strong data-start=\"1110\" data-end=\"1123\">12 % vol.<\/strong><\/p>\n<hr data-start=\"1127\" data-end=\"1132\" \/>\n<h3 data-start=\"1134\" data-end=\"1155\"><strong data-start=\"1138\" data-end=\"1153\">D\u00e9gustation<\/strong><\/h3>\n<p data-start=\"1157\" data-end=\"1440\">\ud83d\udc43 <strong data-start=\"1160\" data-end=\"1167\">Nez<\/strong> : Belle intensit\u00e9 aromatique avec des notes d\u2019<strong data-start=\"1214\" data-end=\"1278\">agrumes, de fruits blancs (pomme, poire), de fleurs blanches<\/strong> et une touche min\u00e9rale subtile.<br data-start=\"1310\" data-end=\"1313\" \/>\ud83d\udc44 <strong data-start=\"1316\" data-end=\"1326\">Bouche<\/strong> : Attaque vive et rafra\u00eechissante, belle ampleur, acidit\u00e9 cisel\u00e9e et une finale saline qui prolonge le plaisir.<\/p>\n<hr data-start=\"1442\" data-end=\"1447\" \/>\n<h3 data-start=\"1449\" data-end=\"1498\"><strong data-start=\"1453\" data-end=\"1496\">Un Grand Blanc d\u2019Alsace, Pur et Min\u00e9ral<\/strong><\/h3>\n<p data-start=\"1500\" data-end=\"1742\">Ce <strong data-start=\"1503\" data-end=\"1529\">Sylvaner Weinbach 2021<\/strong> allie finesse et profondeur, id\u00e9al pour les amateurs de <strong data-start=\"1586\" data-end=\"1615\">blancs \u00e9l\u00e9gants et pr\u00e9cis<\/strong>. Sa min\u00e9ralit\u00e9 et son \u00e9quilibre en font une cuv\u00e9e d\u2019exception, \u00e0 appr\u00e9cier d\u00e8s maintenant ou apr\u00e8s quelques ann\u00e9es de garde.<\/p>\n<p data-start=\"1744\" data-end=\"1808\" data-is-last-node=\"\" data-is-only-node=\"\">\u2728 <strong data-start=\"1746\" data-end=\"1805\">Disponible d\u00e8s maintenant sur notre boutique en ligne !<\/strong> \ud83c\udf77<\/p>\n<\/div>\n<\/div>\n<\/div>\n<\/div>\n","protected":false},"excerpt":{"rendered":"<h3 data-start=\"0\" data-end=\"42\">Sylvaner Weinbach 2021 \u2013 Alsace \ud83c\udf3f\ud83c\udf77<\/h3>\n<p data-start=\"44\" data-end=\"279\">Le <strong data-start=\"47\" data-end=\"73\">Sylvaner Weinbach 2021<\/strong> est un vin d\u2019<strong data-start=\"87\" data-end=\"97\">Alsace<\/strong> \u00e0 l\u2019\u00e9l\u00e9gance pure, issu du prestigieux <strong data-start=\"137\" data-end=\"157\">Domaine Weinbach<\/strong>. Ce mill\u00e9sime exprime toute la finesse du <strong data-start=\"200\" data-end=\"212\">Sylvaner<\/strong>, sublim\u00e9 par un terroir d\u2019exception et une vinification soign\u00e9e.<\/p>\n<p data-start=\"281\" data-end=\"488\">\ud83d\udcc5 <strong data-start=\"284\" data-end=\"297\">Mill\u00e9sime<\/strong> : 2021, frais et \u00e9quilibr\u00e9.<br data-start=\"325\" data-end=\"328\" \/>\ud83d\udccd <strong data-start=\"331\" data-end=\"341\">R\u00e9gion<\/strong> : Alsace, terroir d\u2019exception.<br data-start=\"372\" data-end=\"375\" data-is-only-node=\"\" \/>\ud83c\udf47 <strong data-start=\"378\" data-end=\"388\">C\u00e9page<\/strong> : <strong data-start=\"391\" data-end=\"403\">Sylvaner<\/strong>, aromatique et d\u00e9licat.<br data-start=\"427\" data-end=\"430\" \/>\ud83c\udf7e <strong data-start=\"433\" data-end=\"443\">Format<\/strong> : 75 cl.<br data-start=\"452\" data-end=\"455\" \/>% <strong data-start=\"457\" data-end=\"474\">Taux d\u2019alcool<\/strong> : 12 % vol.<\/p>\n<p data-start=\"490\" data-end=\"636\">\ud83d\udc43 <strong data-start=\"493\" data-end=\"500\">Nez<\/strong> : Agrumes, fruits blancs, fines notes florales et min\u00e9rales.<br data-start=\"561\" data-end=\"564\" \/>\ud83d\udc44 <strong data-start=\"567\" data-end=\"577\">Bouche<\/strong> : Fra\u00eeche, cisel\u00e9e, belle tension et finale persistante.<\/p>\n<p data-start=\"638\" data-end=\"761\" data-is-last-node=\"\" data-is-only-node=\"\">Un <strong data-start=\"641\" data-end=\"671\">Sylvaner pr\u00e9cis et raffin\u00e9<\/strong>, parfait pour les amateurs de grands blancs d\u2019Alsace. <strong data-start=\"726\" data-end=\"757\">\u00c0 d\u00e9couvrir sans attendre !<\/strong> \u2728\ud83c\udf77<\/p>\n","protected":false},"featured_media":0,"comment_status":"open","ping_status":"closed","template":"","meta":[],"product_brand":[],"product_cat":[109,26,271,112],"product_tag":[],"class_list":{"0":"post-213","1":"product","2":"type-product","3":"status-publish","5":"product_cat-alsace","6":"product_cat-bouteilles-vins-blancs","7":"product_cat-vins-blancs-alsace","8":"product_cat-vignerons-weinbach","10":"first","11":"instock","12":"shipping-taxable","13":"purchasable","14":"product-type-simple"},"_links":{"self":[{"href":"https:\/\/lerousseaugrenoble.fr\/boutique\/wp-json\/wp\/v2\/product\/213","targetHints":{"allow":["GET"]}}],"collection":[{"href":"https:\/\/lerousseaugrenoble.fr\/boutique\/wp-json\/wp\/v2\/product"}],"about":[{"href":"https:\/\/lerousseaugrenoble.fr\/boutique\/wp-json\/wp\/v2\/types\/product"}],"replies":[{"embeddable":true,"href":"https:\/\/lerousseaugrenoble.fr\/boutique\/wp-json\/wp\/v2\/comments?post=213"}],"version-history":[{"count":0,"href":"https:\/\/lerousseaugrenoble.fr\/boutique\/wp-json\/wp\/v2\/product\/213\/revisions"}],"wp:attachment":[{"href":"https:\/\/lerousseaugrenoble.fr\/boutique\/wp-json\/wp\/v2\/media?parent=213"}],"wp:term":[{"taxonomy":"product_brand","embeddable":true,"href":"https:\/\/lerousseaugrenoble.fr\/boutique\/wp-json\/wp\/v2\/product_brand?post=213"},{"taxonomy":"product_cat","embeddable":true,"href":"https:\/\/lerousseaugrenoble.fr\/boutique\/wp-json\/wp\/v2\/product_cat?post=213"},{"taxonomy":"product_tag","embeddable":true,"href":"https:\/\/lerousseaugrenoble.fr\/boutique\/wp-json\/wp\/v2\/product_tag?post=213"}],"curies":[{"name":"wp","href":"https:\/\/api.w.org\/{rel}","templated":true}]}}