{"id":210,"date":"2025-02-24T12:22:40","date_gmt":"2025-02-24T11:22:40","guid":{"rendered":"https:\/\/lerousseaugrenoble.fr\/boutique\/?post_type=product&#038;p=210"},"modified":"2025-05-09T14:11:07","modified_gmt":"2025-05-09T12:11:07","slug":"frohnberg-soil-therapy-2021","status":"publish","type":"product","link":"https:\/\/lerousseaugrenoble.fr\/boutique\/produit\/frohnberg-soil-therapy-2021\/","title":{"rendered":"Frohnberg Soil th\u00e9rapy 2021"},"content":{"rendered":"<div class=\"flex max-w-full flex-col flex-grow\">\n<div class=\"min-h-8 text-message flex w-full flex-col items-end gap-2 whitespace-normal break-words text-start [.text-message+&amp;]:mt-5\" dir=\"auto\" data-message-author-role=\"assistant\" data-message-id=\"dc39e68d-8cbe-448a-b714-aa6b18d1d339\" data-message-model-slug=\"gpt-4o\">\n<div class=\"flex w-full flex-col gap-1 empty:hidden first:pt-[3px]\">\n<div class=\"markdown prose w-full break-words dark:prose-invert dark\">\n<h3 data-start=\"0\" data-end=\"40\">Frohnberg 2021 \u2013 Soil Therapy \ud83c\udf3f\ud83c\udf77<\/h3>\n<p data-start=\"42\" data-end=\"369\">Le <strong data-start=\"45\" data-end=\"63\">Frohnberg 2021<\/strong> de <strong data-start=\"67\" data-end=\"83\">Soil Therapy<\/strong> est une cuv\u00e9e rare et expressive, issue du terroir exceptionnel du <strong data-start=\"151\" data-end=\"164\">Frohnberg<\/strong>, en <strong data-start=\"169\" data-end=\"179\">Alsace<\/strong>. Ce vin naturel met en lumi\u00e8re la singularit\u00e9 de ce lieu unique, \u00e0 travers une vinification respectueuse du vivant et une approche minimaliste qui laisse le terroir s\u2019exprimer pleinement.<\/p>\n<hr data-start=\"371\" data-end=\"376\" \/>\n<h3 data-start=\"378\" data-end=\"423\"><strong data-start=\"382\" data-end=\"421\">Soil Therapy : L\u2019Art du Vin Naturel<\/strong><\/h3>\n<p data-start=\"425\" data-end=\"670\"><strong data-start=\"425\" data-end=\"441\">Soil Therapy<\/strong> est un projet engag\u00e9 qui valorise les terroirs vivants \u00e0 travers des vinifications sans intrants ni artifices. Chaque cuv\u00e9e est une exploration du sol et du climat, r\u00e9v\u00e9lant l\u2019identit\u00e9 pure et authentique du vignoble alsacien.<\/p>\n<hr data-start=\"672\" data-end=\"677\" \/>\n<h3 data-start=\"679\" data-end=\"712\"><strong data-start=\"683\" data-end=\"710\">Caract\u00e9ristiques du Vin<\/strong><\/h3>\n<p data-start=\"714\" data-end=\"1111\">\ud83d\udcc5 <strong data-start=\"717\" data-end=\"730\">Mill\u00e9sime<\/strong> : 2021, marqu\u00e9 par une belle tension et une grande fra\u00eecheur.<br data-start=\"792\" data-end=\"795\" \/>\ud83d\udccd <strong data-start=\"798\" data-end=\"808\">R\u00e9gion<\/strong> : <strong data-start=\"811\" data-end=\"821\">Alsace<\/strong>, terroir du <strong data-start=\"834\" data-end=\"847\">Frohnberg<\/strong>, r\u00e9put\u00e9 pour ses sols riches et sa min\u00e9ralit\u00e9.<br data-start=\"894\" data-end=\"897\" \/>\ud83c\udf47 <strong data-start=\"900\" data-end=\"911\">C\u00e9pages<\/strong> : Assemblage pr\u00e9cis, probablement domin\u00e9 par le <strong data-start=\"960\" data-end=\"996\">Riesling, Sylvaner et Pinot Gris<\/strong>, apportant finesse et \u00e9quilibre.<br data-start=\"1029\" data-end=\"1032\" \/>\ud83c\udf7e <strong data-start=\"1035\" data-end=\"1045\">Format<\/strong> : Bouteille de <strong data-start=\"1061\" data-end=\"1070\">75 cl<\/strong>.<br data-start=\"1071\" data-end=\"1074\" \/>% <strong data-start=\"1076\" data-end=\"1093\">Taux d\u2019alcool<\/strong> : <strong data-start=\"1096\" data-end=\"1109\">12 % vol.<\/strong><\/p>\n<hr data-start=\"1113\" data-end=\"1118\" \/>\n<h3 data-start=\"1120\" data-end=\"1141\"><strong data-start=\"1124\" data-end=\"1139\">D\u00e9gustation<\/strong><\/h3>\n<p data-start=\"1143\" data-end=\"1433\">\ud83d\udc43 <strong data-start=\"1146\" data-end=\"1153\">Nez<\/strong> : Ar\u00f4mes subtils d\u2019<strong data-start=\"1173\" data-end=\"1224\">agrumes, de fruits jaunes et de fleurs blanches<\/strong>, accompagn\u00e9s de d\u00e9licates notes min\u00e9rales.<br data-start=\"1267\" data-end=\"1270\" \/>\ud83d\udc44 <strong data-start=\"1273\" data-end=\"1283\">Bouche<\/strong> : Attaque fra\u00eeche et tendue, belle amplitude en milieu de bouche, finale saline et persistante qui refl\u00e8te la richesse du terroir du <strong data-start=\"1417\" data-end=\"1430\">Frohnberg<\/strong>.<\/p>\n<hr data-start=\"1435\" data-end=\"1440\" \/>\n<h3 data-start=\"1442\" data-end=\"1491\"><strong data-start=\"1446\" data-end=\"1489\">Un Grand Vin de Terroir, Pur et \u00c9l\u00e9gant<\/strong><\/h3>\n<p data-start=\"1493\" data-end=\"1749\">Avec son profil vif et min\u00e9ral, le <strong data-start=\"1528\" data-end=\"1546\">Frohnberg 2021<\/strong> est un vin naturel d\u2019une grande pr\u00e9cision, id\u00e9al pour les amateurs de blancs fins et expressifs. Il incarne parfaitement la philosophie de <strong data-start=\"1686\" data-end=\"1702\">Soil Therapy<\/strong> : laisser la nature guider chaque mill\u00e9sime.<\/p>\n<p data-start=\"1751\" data-end=\"1816\" data-is-last-node=\"\" data-is-only-node=\"\">\u2728 <strong data-start=\"1753\" data-end=\"1813\">\u00c0 d\u00e9couvrir d\u00e8s maintenant sur notre boutique en ligne !<\/strong> \ud83c\udf77<\/p>\n<\/div>\n<\/div>\n<\/div>\n<\/div>\n","protected":false},"excerpt":{"rendered":"<h3 data-start=\"0\" data-end=\"40\">Frohnberg 2021 \u2013 Soil Therapy \ud83c\udf3f\ud83c\udf77<\/h3>\n<p data-start=\"42\" data-end=\"279\">Le <strong data-start=\"45\" data-end=\"63\">Frohnberg 2021<\/strong> de <strong data-start=\"67\" data-end=\"83\">Soil Therapy<\/strong> est un vin naturel issu du terroir exceptionnel du <strong data-start=\"135\" data-end=\"148\">Frohnberg<\/strong>, en <strong data-start=\"153\" data-end=\"163\">Alsace<\/strong>. Ce mill\u00e9sime exprime toute la finesse et la min\u00e9ralit\u00e9 de son sol, avec une vinification respectueuse du vivant.<\/p>\n<p data-start=\"281\" data-end=\"502\">\ud83d\udcc5 <strong data-start=\"284\" data-end=\"297\">Mill\u00e9sime<\/strong> : 2021, tendu et expressif.<br data-start=\"325\" data-end=\"328\" \/>\ud83d\udccd <strong data-start=\"331\" data-end=\"341\">R\u00e9gion<\/strong> : Alsace, terroir du Frohnberg.<br data-start=\"373\" data-end=\"376\" data-is-only-node=\"\" \/>\ud83c\udf47 <strong data-start=\"379\" data-end=\"390\">C\u00e9pages<\/strong> : Probablement <strong data-start=\"406\" data-end=\"440\">Riesling, Sylvaner, Pinot Gris<\/strong>.<br data-start=\"441\" data-end=\"444\" \/>\ud83c\udf7e <strong data-start=\"447\" data-end=\"457\">Format<\/strong> : 75 cl.<br data-start=\"466\" data-end=\"469\" \/>% <strong data-start=\"471\" data-end=\"488\">Taux d\u2019alcool<\/strong> : 12 % vol.<\/p>\n<p data-start=\"504\" data-end=\"661\">\ud83d\udc43 <strong data-start=\"507\" data-end=\"514\">Nez<\/strong> : Agrumes, fruits jaunes, fleurs blanches, notes min\u00e9rales.<br data-start=\"574\" data-end=\"577\" \/>\ud83d\udc44 <strong data-start=\"580\" data-end=\"590\">Bouche<\/strong> : Fra\u00eeche et tendue, belle profondeur, finale saline et persistante.<\/p>\n<p data-start=\"663\" data-end=\"778\" data-is-last-node=\"\" data-is-only-node=\"\">Un blanc naturel pur et \u00e9l\u00e9gant, parfait pour d\u00e9couvrir l\u2019\u00e2me du <strong data-start=\"728\" data-end=\"741\">Frohnberg<\/strong>. <strong data-start=\"743\" data-end=\"774\">Disponible d\u00e8s maintenant !<\/strong> \u2728\ud83c\udf77<\/p>\n","protected":false},"featured_media":700,"comment_status":"open","ping_status":"closed","template":"","meta":[],"product_brand":[],"product_cat":[109,111,26,271],"product_tag":[],"class_list":{"0":"post-210","1":"product","2":"type-product","3":"status-publish","4":"has-post-thumbnail","6":"product_cat-alsace","7":"product_cat-vignerons-soil-therapy","8":"product_cat-bouteilles-vins-blancs","9":"product_cat-vins-blancs-alsace","12":"first","13":"instock","14":"shipping-taxable","15":"purchasable","16":"product-type-simple"},"_links":{"self":[{"href":"https:\/\/lerousseaugrenoble.fr\/boutique\/wp-json\/wp\/v2\/product\/210","targetHints":{"allow":["GET"]}}],"collection":[{"href":"https:\/\/lerousseaugrenoble.fr\/boutique\/wp-json\/wp\/v2\/product"}],"about":[{"href":"https:\/\/lerousseaugrenoble.fr\/boutique\/wp-json\/wp\/v2\/types\/product"}],"replies":[{"embeddable":true,"href":"https:\/\/lerousseaugrenoble.fr\/boutique\/wp-json\/wp\/v2\/comments?post=210"}],"version-history":[{"count":1,"href":"https:\/\/lerousseaugrenoble.fr\/boutique\/wp-json\/wp\/v2\/product\/210\/revisions"}],"predecessor-version":[{"id":25314,"href":"https:\/\/lerousseaugrenoble.fr\/boutique\/wp-json\/wp\/v2\/product\/210\/revisions\/25314"}],"wp:featuredmedia":[{"embeddable":true,"href":"https:\/\/lerousseaugrenoble.fr\/boutique\/wp-json\/wp\/v2\/media\/700"}],"wp:attachment":[{"href":"https:\/\/lerousseaugrenoble.fr\/boutique\/wp-json\/wp\/v2\/media?parent=210"}],"wp:term":[{"taxonomy":"product_brand","embeddable":true,"href":"https:\/\/lerousseaugrenoble.fr\/boutique\/wp-json\/wp\/v2\/product_brand?post=210"},{"taxonomy":"product_cat","embeddable":true,"href":"https:\/\/lerousseaugrenoble.fr\/boutique\/wp-json\/wp\/v2\/product_cat?post=210"},{"taxonomy":"product_tag","embeddable":true,"href":"https:\/\/lerousseaugrenoble.fr\/boutique\/wp-json\/wp\/v2\/product_tag?post=210"}],"curies":[{"name":"wp","href":"https:\/\/api.w.org\/{rel}","templated":true}]}}