{"id":209,"date":"2025-02-24T12:19:21","date_gmt":"2025-02-24T11:19:21","guid":{"rendered":"https:\/\/lerousseaugrenoble.fr\/boutique\/?post_type=product&#038;p=209"},"modified":"2025-05-09T14:12:37","modified_gmt":"2025-05-09T12:12:37","slug":"alsace-soil-therapy-2021","status":"publish","type":"product","link":"https:\/\/lerousseaugrenoble.fr\/boutique\/produit\/alsace-soil-therapy-2021\/","title":{"rendered":"Alsace Soil th\u00e9rapy 2021"},"content":{"rendered":"<div class=\"flex max-w-full flex-col flex-grow\">\n<div class=\"min-h-8 text-message flex w-full flex-col items-end gap-2 whitespace-normal break-words text-start [.text-message+&amp;]:mt-5\" dir=\"auto\" data-message-author-role=\"assistant\" data-message-id=\"bd7c6947-0bd6-4a07-a257-b6f23d83c188\" data-message-model-slug=\"gpt-4o\">\n<div class=\"flex w-full flex-col gap-1 empty:hidden first:pt-[3px]\">\n<div class=\"markdown prose w-full break-words dark:prose-invert dark\">\n<h3 data-start=\"0\" data-end=\"37\">Alsace 2021 \u2013 Soil Therapy \ud83c\udf3f\ud83c\udf77<\/h3>\n<p data-start=\"39\" data-end=\"281\">Le <strong data-start=\"42\" data-end=\"70\">Soil Therapy Alsace 2021<\/strong> est une cuv\u00e9e pure et vibrante, qui exprime toute la richesse des terroirs alsaciens. Vinifi\u00e9 naturellement avec un minimum d\u2019intervention, ce vin blanc s\u00e9duit par sa fra\u00eecheur, sa min\u00e9ralit\u00e9 et son \u00e9l\u00e9gance.<\/p>\n<hr data-start=\"283\" data-end=\"288\" \/>\n<h3 data-start=\"290\" data-end=\"344\"><strong data-start=\"294\" data-end=\"342\">Soil Therapy : Une Approche Naturelle du Vin<\/strong><\/h3>\n<p data-start=\"346\" data-end=\"593\"><strong data-start=\"346\" data-end=\"362\">Soil Therapy<\/strong> est un projet engag\u00e9 qui met en avant des vins naturels issus de terroirs vivants. Chaque cuv\u00e9e est \u00e9labor\u00e9e avec soin pour r\u00e9v\u00e9ler l\u2019identit\u00e9 du sol et du mill\u00e9sime, en privil\u00e9giant des vinifications sans intrants ni artifices.<\/p>\n<hr data-start=\"595\" data-end=\"600\" \/>\n<h3 data-start=\"602\" data-end=\"635\"><strong data-start=\"606\" data-end=\"633\">Caract\u00e9ristiques du Vin<\/strong><\/h3>\n<p data-start=\"637\" data-end=\"1006\">\ud83d\udcc5 <strong data-start=\"640\" data-end=\"653\">Mill\u00e9sime<\/strong> : 2021, marqu\u00e9 par une belle tension et une expression aromatique intense.<br data-start=\"728\" data-end=\"731\" \/>\ud83d\udccd <strong data-start=\"734\" data-end=\"744\">R\u00e9gion<\/strong> : <strong data-start=\"747\" data-end=\"757\">Alsace<\/strong>, terre de grands blancs.<br data-start=\"782\" data-end=\"785\" \/>\ud83c\udf47 <strong data-start=\"788\" data-end=\"799\">C\u00e9pages<\/strong> : Assemblage confidentiel, probablement domin\u00e9 par le <strong data-start=\"854\" data-end=\"890\">Riesling, Sylvaner et Pinot Gris<\/strong>, offrant complexit\u00e9 et \u00e9quilibre.<br data-start=\"924\" data-end=\"927\" \/>\ud83c\udf7e <strong data-start=\"930\" data-end=\"940\">Format<\/strong> : Bouteille de <strong data-start=\"956\" data-end=\"965\">75 cl<\/strong>.<br data-start=\"966\" data-end=\"969\" \/>% <strong data-start=\"971\" data-end=\"988\">Taux d\u2019alcool<\/strong> : <strong data-start=\"991\" data-end=\"1004\">12 % vol.<\/strong><\/p>\n<hr data-start=\"1008\" data-end=\"1013\" \/>\n<h3 data-start=\"1015\" data-end=\"1036\"><strong data-start=\"1019\" data-end=\"1034\">D\u00e9gustation<\/strong><\/h3>\n<p data-start=\"1038\" data-end=\"1248\">\ud83d\udc43 <strong data-start=\"1041\" data-end=\"1048\">Nez<\/strong> : Ar\u00f4mes d\u2019<strong data-start=\"1060\" data-end=\"1105\">agrumes, fruits jaunes et fleurs blanches<\/strong>, avec une belle touche min\u00e9rale.<br data-start=\"1138\" data-end=\"1141\" \/>\ud83d\udc44 <strong data-start=\"1144\" data-end=\"1154\">Bouche<\/strong> : Fra\u00eeche et tendue, alliant vivacit\u00e9 et profondeur, avec une finale saline et persistante.<\/p>\n<hr data-start=\"1250\" data-end=\"1255\" \/>\n<h3 data-start=\"1257\" data-end=\"1292\"><strong data-start=\"1261\" data-end=\"1290\">Un Vin Naturel et \u00c9l\u00e9gant<\/strong><\/h3>\n<p data-start=\"1294\" data-end=\"1441\">Avec sa min\u00e9ralit\u00e9 marqu\u00e9e et son bel \u00e9quilibre, le <strong data-start=\"1346\" data-end=\"1374\">Soil Therapy Alsace 2021<\/strong> est un vin id\u00e9al pour les amateurs de blancs purs et expressifs.<\/p>\n<p data-start=\"1443\" data-end=\"1508\" data-is-last-node=\"\" data-is-only-node=\"\">\u2728 <strong data-start=\"1445\" data-end=\"1505\">\u00c0 d\u00e9couvrir d\u00e8s maintenant sur notre boutique en ligne !<\/strong> \ud83c\udf77<\/p>\n<\/div>\n<\/div>\n<\/div>\n<\/div>\n","protected":false},"excerpt":{"rendered":"<h3 data-start=\"0\" data-end=\"37\">Alsace 2021 \u2013 Soil Therapy \ud83c\udf3f\ud83c\udf77<\/h3>\n<p data-start=\"39\" data-end=\"230\">Le <strong data-start=\"42\" data-end=\"70\">Soil Therapy Alsace 2021<\/strong> est un vin naturel pur et expressif, issu des terroirs vivants d\u2019<strong data-start=\"136\" data-end=\"146\">Alsace<\/strong>. Une cuv\u00e9e \u00e9l\u00e9gante qui r\u00e9v\u00e8le toute la richesse et la min\u00e9ralit\u00e9 de son origine.<\/p>\n<p data-start=\"232\" data-end=\"452\">\ud83d\udcc5 <strong data-start=\"235\" data-end=\"248\">Mill\u00e9sime<\/strong> : 2021, frais et structur\u00e9.<br data-start=\"276\" data-end=\"279\" \/>\ud83d\udccd <strong data-start=\"282\" data-end=\"292\">R\u00e9gion<\/strong> : Alsace, terroir d\u2019exception.<br data-start=\"323\" data-end=\"326\" data-is-only-node=\"\" \/>\ud83c\udf47 <strong data-start=\"329\" data-end=\"340\">C\u00e9pages<\/strong> : Probablement <strong data-start=\"356\" data-end=\"390\">Riesling, Sylvaner, Pinot Gris<\/strong>.<br data-start=\"391\" data-end=\"394\" \/>\ud83c\udf7e <strong data-start=\"397\" data-end=\"407\">Format<\/strong> : 75 cl.<br data-start=\"416\" data-end=\"419\" \/>% <strong data-start=\"421\" data-end=\"438\">Taux d\u2019alcool<\/strong> : 12 % vol.<\/p>\n<p data-start=\"454\" data-end=\"564\">\ud83d\udc43 <strong data-start=\"457\" data-end=\"464\">Nez<\/strong> : Agrumes, fruits jaunes, fleurs blanches.<br data-start=\"507\" data-end=\"510\" \/>\ud83d\udc44 <strong data-start=\"513\" data-end=\"523\">Bouche<\/strong> : Vive, tendue, saline et persistante.<\/p>\n<p data-start=\"566\" data-end=\"637\" data-is-last-node=\"\" data-is-only-node=\"\">Un blanc naturel pr\u00e9cis et vibrant. <strong data-start=\"602\" data-end=\"633\">\u00c0 d\u00e9couvrir sans attendre !<\/strong> \u2728\ud83c\udf77<\/p>\n","protected":false},"featured_media":708,"comment_status":"open","ping_status":"closed","template":"","meta":[],"product_brand":[],"product_cat":[109,111,26,271],"product_tag":[],"class_list":{"0":"post-209","1":"product","2":"type-product","3":"status-publish","4":"has-post-thumbnail","6":"product_cat-alsace","7":"product_cat-vignerons-soil-therapy","8":"product_cat-bouteilles-vins-blancs","9":"product_cat-vins-blancs-alsace","12":"first","13":"instock","14":"shipping-taxable","15":"purchasable","16":"product-type-simple"},"_links":{"self":[{"href":"https:\/\/lerousseaugrenoble.fr\/boutique\/wp-json\/wp\/v2\/product\/209","targetHints":{"allow":["GET"]}}],"collection":[{"href":"https:\/\/lerousseaugrenoble.fr\/boutique\/wp-json\/wp\/v2\/product"}],"about":[{"href":"https:\/\/lerousseaugrenoble.fr\/boutique\/wp-json\/wp\/v2\/types\/product"}],"replies":[{"embeddable":true,"href":"https:\/\/lerousseaugrenoble.fr\/boutique\/wp-json\/wp\/v2\/comments?post=209"}],"version-history":[{"count":1,"href":"https:\/\/lerousseaugrenoble.fr\/boutique\/wp-json\/wp\/v2\/product\/209\/revisions"}],"predecessor-version":[{"id":25315,"href":"https:\/\/lerousseaugrenoble.fr\/boutique\/wp-json\/wp\/v2\/product\/209\/revisions\/25315"}],"wp:featuredmedia":[{"embeddable":true,"href":"https:\/\/lerousseaugrenoble.fr\/boutique\/wp-json\/wp\/v2\/media\/708"}],"wp:attachment":[{"href":"https:\/\/lerousseaugrenoble.fr\/boutique\/wp-json\/wp\/v2\/media?parent=209"}],"wp:term":[{"taxonomy":"product_brand","embeddable":true,"href":"https:\/\/lerousseaugrenoble.fr\/boutique\/wp-json\/wp\/v2\/product_brand?post=209"},{"taxonomy":"product_cat","embeddable":true,"href":"https:\/\/lerousseaugrenoble.fr\/boutique\/wp-json\/wp\/v2\/product_cat?post=209"},{"taxonomy":"product_tag","embeddable":true,"href":"https:\/\/lerousseaugrenoble.fr\/boutique\/wp-json\/wp\/v2\/product_tag?post=209"}],"curies":[{"name":"wp","href":"https:\/\/api.w.org\/{rel}","templated":true}]}}