{"id":207,"date":"2025-02-24T12:09:33","date_gmt":"2025-02-24T11:09:33","guid":{"rendered":"https:\/\/lerousseaugrenoble.fr\/boutique\/?post_type=product&#038;p=207"},"modified":"2025-05-09T14:13:40","modified_gmt":"2025-05-09T12:13:40","slug":"pet-nat-domaine-adrien-jacquin-2022","status":"publish","type":"product","link":"https:\/\/lerousseaugrenoble.fr\/boutique\/produit\/pet-nat-domaine-adrien-jacquin-2022\/","title":{"rendered":"Pet Nat Domaine Adrien Jacquin 2022"},"content":{"rendered":"<div class=\"flex max-w-full flex-col flex-grow\">\n<div class=\"min-h-8 text-message flex w-full flex-col items-end gap-2 whitespace-normal break-words text-start [.text-message+&amp;]:mt-5\" dir=\"auto\" data-message-author-role=\"assistant\" data-message-id=\"f1620f77-85f2-4329-9b09-95788a970197\" data-message-model-slug=\"gpt-4o\">\n<div class=\"flex w-full flex-col gap-1 empty:hidden first:pt-[3px]\">\n<div class=\"markdown prose w-full break-words dark:prose-invert dark\">\n<h3 data-start=\"0\" data-end=\"47\">Pet Nat 2022 \u2013 Domaine Adrien Jacquin \ud83c\udf7e\u2728<\/h3>\n<p data-start=\"49\" data-end=\"318\">Le <strong data-start=\"52\" data-end=\"68\">Pet Nat 2022<\/strong> du <strong data-start=\"72\" data-end=\"98\">Domaine Adrien Jacquin<\/strong> est un p\u00e9tillant naturel issu des magnifiques terroirs de <strong data-start=\"157\" data-end=\"167\">Savoie<\/strong>, \u00e9labor\u00e9 en <strong data-start=\"180\" data-end=\"202\">m\u00e9thode ancestrale<\/strong>. Frais, l\u00e9ger et d\u00e9salt\u00e9rant, ce vin vivant s\u00e9duit par sa bulle fine et son \u00e9quilibre entre fruit\u00e9 et min\u00e9ralit\u00e9.<\/p>\n<hr data-start=\"320\" data-end=\"325\" \/>\n<h3 data-start=\"327\" data-end=\"390\"><strong data-start=\"331\" data-end=\"388\">Le Domaine Adrien Jacquin : Un Artisan du Vin Naturel<\/strong><\/h3>\n<p data-start=\"392\" data-end=\"688\">Install\u00e9 en <strong data-start=\"404\" data-end=\"414\">Savoie<\/strong>, <strong data-start=\"416\" data-end=\"434\">Adrien Jacquin<\/strong> est un vigneron passionn\u00e9 qui cultive ses vignes dans le respect de la nature, avec des pratiques <strong data-start=\"533\" data-end=\"562\">biologiques et naturelles<\/strong>. Son objectif : r\u00e9v\u00e9ler toute l\u2019authenticit\u00e9 de son terroir \u00e0 travers des vins purs et expressifs, sans intrants superflus.<\/p>\n<hr data-start=\"690\" data-end=\"695\" \/>\n<h3 data-start=\"697\" data-end=\"730\"><strong data-start=\"701\" data-end=\"728\">Caract\u00e9ristiques du Vin<\/strong><\/h3>\n<p data-start=\"732\" data-end=\"1055\">\ud83d\udcc5 <strong data-start=\"735\" data-end=\"748\">Mill\u00e9sime<\/strong> : 2022, marqu\u00e9 par une belle fra\u00eecheur et une maturit\u00e9 \u00e9quilibr\u00e9e.<br data-start=\"815\" data-end=\"818\" \/>\ud83d\udccd <strong data-start=\"821\" data-end=\"831\">R\u00e9gion<\/strong> : <strong data-start=\"834\" data-end=\"844\">Savoie<\/strong>, terroir alpin offrant une grande min\u00e9ralit\u00e9.<br data-start=\"890\" data-end=\"893\" \/>\ud83c\udf47 <strong data-start=\"896\" data-end=\"906\">C\u00e9page<\/strong> : <strong data-start=\"909\" data-end=\"921\">Jacqu\u00e8re<\/strong>, c\u00e9page embl\u00e9matique, apportant tension et finesse.<br data-start=\"973\" data-end=\"976\" \/>\ud83c\udf7e <strong data-start=\"979\" data-end=\"989\">Format<\/strong> : Bouteille de <strong data-start=\"1005\" data-end=\"1014\">75 cl<\/strong>.<br data-start=\"1015\" data-end=\"1018\" \/>% <strong data-start=\"1020\" data-end=\"1037\">Taux d\u2019alcool<\/strong> : <strong data-start=\"1040\" data-end=\"1053\">11 % vol.<\/strong><\/p>\n<hr data-start=\"1057\" data-end=\"1062\" \/>\n<h3 data-start=\"1064\" data-end=\"1085\"><strong data-start=\"1068\" data-end=\"1083\">D\u00e9gustation<\/strong><\/h3>\n<p data-start=\"1087\" data-end=\"1288\">\ud83d\udc43 <strong data-start=\"1090\" data-end=\"1097\">Nez<\/strong> : Ar\u00f4mes subtils d\u2019<strong data-start=\"1117\" data-end=\"1160\">agrumes, pomme verte et fleurs blanches<\/strong>, avec une pointe saline.<br data-start=\"1185\" data-end=\"1188\" \/>\ud83d\udc44 <strong data-start=\"1191\" data-end=\"1201\">Bouche<\/strong> : Bulle d\u00e9licate, attaque vive et rafra\u00eechissante, belle tension et finale min\u00e9rale.<\/p>\n<hr data-start=\"1290\" data-end=\"1295\" \/>\n<h3 data-start=\"1297\" data-end=\"1343\"><strong data-start=\"1301\" data-end=\"1341\">Un P\u00e9tillant Naturel Pur et Gourmand<\/strong><\/h3>\n<p data-start=\"1345\" data-end=\"1491\">Id\u00e9al \u00e0 l\u2019ap\u00e9ritif ou pour accompagner des plats l\u00e9gers, ce <strong data-start=\"1405\" data-end=\"1421\">Pet Nat 2022<\/strong> est une bulle festive, parfaite pour les amateurs de vins naturels.<\/p>\n<p data-start=\"1493\" data-end=\"1558\" data-is-last-node=\"\" data-is-only-node=\"\">\ud83e\udd42 <strong data-start=\"1496\" data-end=\"1556\">\u00c0 d\u00e9couvrir d\u00e8s maintenant sur notre boutique en ligne !<\/strong> \u2728<\/p>\n<\/div>\n<\/div>\n<\/div>\n<\/div>\n","protected":false},"excerpt":{"rendered":"<p>&nbsp;<\/p>\n<h3 data-start=\"0\" data-end=\"47\">Pet Nat 2022 \u2013 Domaine Adrien Jacquin \ud83c\udf7e\u2728<\/h3>\n<p data-start=\"49\" data-end=\"268\">Le <strong data-start=\"52\" data-end=\"68\">Pet Nat 2022<\/strong> du <strong data-start=\"72\" data-end=\"98\">Domaine Adrien Jacquin<\/strong> est un p\u00e9tillant naturel issu des terroirs alpins de <strong data-start=\"152\" data-end=\"162\">Savoie<\/strong>, \u00e9labor\u00e9 en m\u00e9thode ancestrale. Un vin vif et gourmand, parfait pour les amateurs de bulles naturelles.<\/p>\n<p data-start=\"270\" data-end=\"479\">\ud83d\udcc5 <strong data-start=\"273\" data-end=\"286\">Mill\u00e9sime<\/strong> : 2022, frais et expressif.<br data-start=\"314\" data-end=\"317\" \/>\ud83d\udccd <strong data-start=\"320\" data-end=\"330\">R\u00e9gion<\/strong> : Savoie, terroir alpin.<br data-start=\"355\" data-end=\"358\" data-is-only-node=\"\" \/>\ud83c\udf47 <strong data-start=\"361\" data-end=\"371\">C\u00e9page<\/strong> : <strong data-start=\"374\" data-end=\"386\">Jacqu\u00e8re<\/strong>, offrant tension et min\u00e9ralit\u00e9.<br data-start=\"418\" data-end=\"421\" \/>\ud83c\udf7e <strong data-start=\"424\" data-end=\"434\">Format<\/strong> : 75 cl.<br data-start=\"443\" data-end=\"446\" \/>% <strong data-start=\"448\" data-end=\"465\">Taux d\u2019alcool<\/strong> : 11 % vol.<\/p>\n<p data-start=\"481\" data-end=\"619\">\ud83d\udc43 <strong data-start=\"484\" data-end=\"491\">Nez<\/strong> : Notes d\u2019agrumes, pomme verte, fleurs blanches.<br data-start=\"540\" data-end=\"543\" \/>\ud83d\udc44 <strong data-start=\"546\" data-end=\"556\">Bouche<\/strong> : Bulle fine, belle vivacit\u00e9, finale saline et d\u00e9salt\u00e9rante.<\/p>\n<p data-start=\"621\" data-end=\"722\" data-is-last-node=\"\" data-is-only-node=\"\">Un Pet Nat frais et p\u00e9tillant, id\u00e9al pour un ap\u00e9ritif convivial ! <strong data-start=\"687\" data-end=\"718\">\u00c0 d\u00e9couvrir sans attendre !<\/strong> \ud83e\udd42\u2728<\/p>\n","protected":false},"featured_media":25145,"comment_status":"open","ping_status":"closed","template":"","meta":[],"product_brand":[],"product_cat":[26,268],"product_tag":[],"class_list":{"0":"post-207","1":"product","2":"type-product","3":"status-publish","4":"has-post-thumbnail","6":"product_cat-bouteilles-vins-blancs","7":"product_cat-vins-blancs-savoie","10":"first","11":"instock","12":"shipping-taxable","13":"purchasable","14":"product-type-simple"},"_links":{"self":[{"href":"https:\/\/lerousseaugrenoble.fr\/boutique\/wp-json\/wp\/v2\/product\/207","targetHints":{"allow":["GET"]}}],"collection":[{"href":"https:\/\/lerousseaugrenoble.fr\/boutique\/wp-json\/wp\/v2\/product"}],"about":[{"href":"https:\/\/lerousseaugrenoble.fr\/boutique\/wp-json\/wp\/v2\/types\/product"}],"replies":[{"embeddable":true,"href":"https:\/\/lerousseaugrenoble.fr\/boutique\/wp-json\/wp\/v2\/comments?post=207"}],"version-history":[{"count":1,"href":"https:\/\/lerousseaugrenoble.fr\/boutique\/wp-json\/wp\/v2\/product\/207\/revisions"}],"predecessor-version":[{"id":25148,"href":"https:\/\/lerousseaugrenoble.fr\/boutique\/wp-json\/wp\/v2\/product\/207\/revisions\/25148"}],"wp:featuredmedia":[{"embeddable":true,"href":"https:\/\/lerousseaugrenoble.fr\/boutique\/wp-json\/wp\/v2\/media\/25145"}],"wp:attachment":[{"href":"https:\/\/lerousseaugrenoble.fr\/boutique\/wp-json\/wp\/v2\/media?parent=207"}],"wp:term":[{"taxonomy":"product_brand","embeddable":true,"href":"https:\/\/lerousseaugrenoble.fr\/boutique\/wp-json\/wp\/v2\/product_brand?post=207"},{"taxonomy":"product_cat","embeddable":true,"href":"https:\/\/lerousseaugrenoble.fr\/boutique\/wp-json\/wp\/v2\/product_cat?post=207"},{"taxonomy":"product_tag","embeddable":true,"href":"https:\/\/lerousseaugrenoble.fr\/boutique\/wp-json\/wp\/v2\/product_tag?post=207"}],"curies":[{"name":"wp","href":"https:\/\/api.w.org\/{rel}","templated":true}]}}