{"id":206,"date":"2025-02-24T12:04:53","date_gmt":"2025-02-24T11:04:53","guid":{"rendered":"https:\/\/lerousseaugrenoble.fr\/boutique\/?post_type=product&#038;p=206"},"modified":"2025-05-09T14:15:02","modified_gmt":"2025-05-09T12:15:02","slug":"13-bulles-domaine-des-13-lunes-2022","status":"publish","type":"product","link":"https:\/\/lerousseaugrenoble.fr\/boutique\/produit\/13-bulles-domaine-des-13-lunes-2022\/","title":{"rendered":"13 Bulles Domaine des 13 Lunes 2022"},"content":{"rendered":"<div class=\"flex max-w-full flex-col flex-grow\">\n<div class=\"min-h-8 text-message flex w-full flex-col items-end gap-2 whitespace-normal break-words text-start [.text-message+&amp;]:mt-5\" dir=\"auto\" data-message-author-role=\"assistant\" data-message-id=\"52a6fad3-d886-407a-9583-67a007e8f818\" data-message-model-slug=\"gpt-4o\">\n<div class=\"flex w-full flex-col gap-1 empty:hidden first:pt-[3px]\">\n<div class=\"markdown prose w-full break-words dark:prose-invert dark\">\n<h3 data-start=\"0\" data-end=\"47\">13 Bulles 2022 \u2013 Domaine des 13 Lunes \ud83c\udf7e\u2728<\/h3>\n<p data-start=\"49\" data-end=\"316\">Le <strong data-start=\"52\" data-end=\"70\">13 Bulles 2022<\/strong> du <strong data-start=\"74\" data-end=\"98\">Domaine des 13 Lunes<\/strong> est un p\u00e9tillant naturel frais et d\u00e9licat, issu des terroirs pr\u00e9serv\u00e9s de <strong data-start=\"173\" data-end=\"183\">Savoie<\/strong>. Vinifi\u00e9 en m\u00e9thode ancestrale, il offre une bulle fine et une belle expression du fruit, tout en conservant une grande fra\u00eecheur.<\/p>\n<hr data-start=\"318\" data-end=\"323\" \/>\n<h3 data-start=\"325\" data-end=\"397\"><strong data-start=\"329\" data-end=\"395\">Le Domaine des 13 Lunes : Une Viticulture Naturelle et Engag\u00e9e<\/strong><\/h3>\n<p data-start=\"399\" data-end=\"679\">Situ\u00e9 en <strong data-start=\"408\" data-end=\"418\">Savoie<\/strong>, le <strong data-start=\"423\" data-end=\"447\">Domaine des 13 Lunes<\/strong> est men\u00e9 par <strong data-start=\"461\" data-end=\"479\">Beno\u00eet Rousset<\/strong>, vigneron passionn\u00e9 qui cultive ses vignes en <strong data-start=\"526\" data-end=\"540\">biodynamie<\/strong>. Son objectif : produire des vins vivants, sinc\u00e8res et respectueux de leur environnement, en travaillant avec le minimum d\u2019intervention.<\/p>\n<hr data-start=\"681\" data-end=\"686\" \/>\n<h3 data-start=\"688\" data-end=\"721\"><strong data-start=\"692\" data-end=\"719\">Caract\u00e9ristiques du Vin<\/strong><\/h3>\n<p data-start=\"723\" data-end=\"983\">\ud83d\udcc5 <strong data-start=\"726\" data-end=\"739\">Mill\u00e9sime<\/strong> : 2022, frais et gourmand.<br data-start=\"766\" data-end=\"769\" \/>\ud83d\udccd <strong data-start=\"772\" data-end=\"782\">R\u00e9gion<\/strong> : <strong data-start=\"785\" data-end=\"795\">Savoie<\/strong>, terroir alpin unique.<br data-start=\"818\" data-end=\"821\" \/>\ud83c\udf47 <strong data-start=\"824\" data-end=\"834\">C\u00e9page<\/strong> : <strong data-start=\"837\" data-end=\"849\">Jacqu\u00e8re<\/strong>, c\u00e9page embl\u00e9matique apportant vivacit\u00e9 et finesse.<br data-start=\"901\" data-end=\"904\" \/>\ud83c\udf7e <strong data-start=\"907\" data-end=\"917\">Format<\/strong> : Bouteille de <strong data-start=\"933\" data-end=\"942\">75 cl<\/strong>.<br data-start=\"943\" data-end=\"946\" \/>% <strong data-start=\"948\" data-end=\"965\">Taux d\u2019alcool<\/strong> : <strong data-start=\"968\" data-end=\"981\">11 % vol.<\/strong><\/p>\n<hr data-start=\"985\" data-end=\"990\" \/>\n<h3 data-start=\"992\" data-end=\"1013\"><strong data-start=\"996\" data-end=\"1011\">D\u00e9gustation<\/strong><\/h3>\n<p data-start=\"1015\" data-end=\"1196\">\ud83d\udc43 <strong data-start=\"1018\" data-end=\"1025\">Nez<\/strong> : Ar\u00f4mes d\u2019<strong data-start=\"1037\" data-end=\"1080\">agrumes, pomme verte et fleurs blanches<\/strong>, avec une touche min\u00e9rale.<br data-start=\"1107\" data-end=\"1110\" \/>\ud83d\udc44 <strong data-start=\"1113\" data-end=\"1123\">Bouche<\/strong> : Fra\u00eeche et p\u00e9tillante, belle tension, finale saline et d\u00e9salt\u00e9rante.<\/p>\n<hr data-start=\"1198\" data-end=\"1203\" \/>\n<h3 data-start=\"1205\" data-end=\"1250\"><strong data-start=\"1209\" data-end=\"1248\">Un P\u00e9tillant Naturel Pur et \u00c9l\u00e9gant<\/strong><\/h3>\n<p data-start=\"1252\" data-end=\"1378\">Id\u00e9al pour un ap\u00e9ritif ou pour accompagner des mets l\u00e9gers, <strong data-start=\"1312\" data-end=\"1330\">13 Bulles 2022<\/strong> est une explosion de fra\u00eecheur et de finesse.<\/p>\n<p data-start=\"1380\" data-end=\"1445\" data-is-last-node=\"\" data-is-only-node=\"\">\ud83e\udd42 <strong data-start=\"1383\" data-end=\"1443\">\u00c0 d\u00e9couvrir d\u00e8s maintenant sur notre boutique en ligne !<\/strong> \u2728<\/p>\n<\/div>\n<\/div>\n<\/div>\n<\/div>\n","protected":false},"excerpt":{"rendered":"<h3 data-start=\"0\" data-end=\"47\">13 Bulles 2022 \u2013 Domaine des 13 Lunes \ud83c\udf7e\u2728<\/h3>\n<p data-start=\"49\" data-end=\"187\">Le <strong data-start=\"52\" data-end=\"70\">13 Bulles 2022<\/strong> est un p\u00e9tillant naturel frais et a\u00e9rien, vinifi\u00e9 en <strong data-start=\"124\" data-end=\"134\">Savoie<\/strong> par le <strong data-start=\"142\" data-end=\"166\">Domaine des 13 Lunes<\/strong> en <strong data-start=\"170\" data-end=\"184\">biodynamie<\/strong>.<\/p>\n<p data-start=\"189\" data-end=\"394\">\ud83d\udcc5 <strong data-start=\"192\" data-end=\"205\">Mill\u00e9sime<\/strong> : 2022, vif et gourmand.<br data-start=\"230\" data-end=\"233\" \/>\ud83d\udccd <strong data-start=\"236\" data-end=\"246\">R\u00e9gion<\/strong> : Savoie, terroir alpin.<br data-start=\"271\" data-end=\"274\" data-is-only-node=\"\" \/>\ud83c\udf47 <strong data-start=\"277\" data-end=\"287\">C\u00e9page<\/strong> : <strong data-start=\"290\" data-end=\"302\">Jacqu\u00e8re<\/strong>, offrant fra\u00eecheur et finesse.<br data-start=\"333\" data-end=\"336\" \/>\ud83c\udf7e <strong data-start=\"339\" data-end=\"349\">Format<\/strong> : 75 cl.<br data-start=\"358\" data-end=\"361\" \/>% <strong data-start=\"363\" data-end=\"380\">Taux d\u2019alcool<\/strong> : 11 % vol.<\/p>\n<p data-start=\"396\" data-end=\"508\">\ud83d\udc43 <strong data-start=\"399\" data-end=\"406\">Nez<\/strong> : Agrumes, pomme verte, fleurs blanches.<br data-start=\"447\" data-end=\"450\" \/>\ud83d\udc44 <strong data-start=\"453\" data-end=\"463\">Bouche<\/strong> : Bulle fine, tension vive, finale saline.<\/p>\n<p data-start=\"510\" data-end=\"593\" data-is-last-node=\"\" data-is-only-node=\"\">Un p\u00e9tillant naturel \u00e9l\u00e9gant et rafra\u00eechissant. <strong data-start=\"558\" data-end=\"589\">\u00c0 d\u00e9guster d\u00e8s maintenant !<\/strong> \ud83e\udd42\u2728<\/p>\n","protected":false},"featured_media":717,"comment_status":"open","ping_status":"closed","template":"","meta":[],"product_brand":[],"product_cat":[26,268],"product_tag":[],"class_list":{"0":"post-206","1":"product","2":"type-product","3":"status-publish","4":"has-post-thumbnail","6":"product_cat-bouteilles-vins-blancs","7":"product_cat-vins-blancs-savoie","10":"first","11":"instock","12":"shipping-taxable","13":"purchasable","14":"product-type-simple"},"_links":{"self":[{"href":"https:\/\/lerousseaugrenoble.fr\/boutique\/wp-json\/wp\/v2\/product\/206","targetHints":{"allow":["GET"]}}],"collection":[{"href":"https:\/\/lerousseaugrenoble.fr\/boutique\/wp-json\/wp\/v2\/product"}],"about":[{"href":"https:\/\/lerousseaugrenoble.fr\/boutique\/wp-json\/wp\/v2\/types\/product"}],"replies":[{"embeddable":true,"href":"https:\/\/lerousseaugrenoble.fr\/boutique\/wp-json\/wp\/v2\/comments?post=206"}],"version-history":[{"count":1,"href":"https:\/\/lerousseaugrenoble.fr\/boutique\/wp-json\/wp\/v2\/product\/206\/revisions"}],"predecessor-version":[{"id":25316,"href":"https:\/\/lerousseaugrenoble.fr\/boutique\/wp-json\/wp\/v2\/product\/206\/revisions\/25316"}],"wp:featuredmedia":[{"embeddable":true,"href":"https:\/\/lerousseaugrenoble.fr\/boutique\/wp-json\/wp\/v2\/media\/717"}],"wp:attachment":[{"href":"https:\/\/lerousseaugrenoble.fr\/boutique\/wp-json\/wp\/v2\/media?parent=206"}],"wp:term":[{"taxonomy":"product_brand","embeddable":true,"href":"https:\/\/lerousseaugrenoble.fr\/boutique\/wp-json\/wp\/v2\/product_brand?post=206"},{"taxonomy":"product_cat","embeddable":true,"href":"https:\/\/lerousseaugrenoble.fr\/boutique\/wp-json\/wp\/v2\/product_cat?post=206"},{"taxonomy":"product_tag","embeddable":true,"href":"https:\/\/lerousseaugrenoble.fr\/boutique\/wp-json\/wp\/v2\/product_tag?post=206"}],"curies":[{"name":"wp","href":"https:\/\/api.w.org\/{rel}","templated":true}]}}