{"id":354,"date":"2025-02-25T16:10:29","date_gmt":"2025-02-25T15:10:29","guid":{"rendered":"https:\/\/lerousseaugrenoble.fr\/boutique\/?page_id=354"},"modified":"2025-04-29T11:57:42","modified_gmt":"2025-04-29T09:57:42","slug":"conditions-generales-de-vente-cgv","status":"publish","type":"page","link":"https:\/\/lerousseaugrenoble.fr\/boutique\/conditions-generales-de-vente-cgv\/","title":{"rendered":"Conditions G\u00e9n\u00e9rales de Vente (CGV)"},"content":{"rendered":"\t\t<div data-elementor-type=\"wp-page\" data-elementor-id=\"354\" class=\"elementor elementor-354\">\n\t\t\t\t<div class=\"elementor-element elementor-element-32c0950 e-flex e-con-boxed e-con e-parent\" data-id=\"32c0950\" data-element_type=\"container\">\n\t\t\t\t\t<div class=\"e-con-inner\">\n\t\t\t\t<div class=\"elementor-element elementor-element-37bbcde elementor-widget elementor-widget-heading\" data-id=\"37bbcde\" data-element_type=\"widget\" data-widget_type=\"heading.default\">\n\t\t\t\t<div class=\"elementor-widget-container\">\n\t\t\t\t\t<h1 class=\"elementor-heading-title elementor-size-default\">Conditions g\u00e9n\u00e9rales de ventes<\/h1>\t\t\t\t<\/div>\n\t\t\t\t<\/div>\n\t\t\t\t\t<\/div>\n\t\t\t\t<\/div>\n\t\t<div class=\"elementor-element elementor-element-476fe05 e-flex e-con-boxed e-con e-parent\" data-id=\"476fe05\" data-element_type=\"container\">\n\t\t\t\t\t<div class=\"e-con-inner\">\n\t\t\t\t<div class=\"elementor-element elementor-element-3f59250 elementor-widget elementor-widget-heading\" data-id=\"3f59250\" data-element_type=\"widget\" data-widget_type=\"heading.default\">\n\t\t\t\t<div class=\"elementor-widget-container\">\n\t\t\t\t\t<h2 class=\"elementor-heading-title elementor-size-default\">Objet<\/h2>\t\t\t\t<\/div>\n\t\t\t\t<\/div>\n\t\t\t\t\t<\/div>\n\t\t\t\t<\/div>\n\t\t<div class=\"elementor-element elementor-element-1fb446c e-flex e-con-boxed e-con e-parent\" data-id=\"1fb446c\" data-element_type=\"container\">\n\t\t\t\t\t<div class=\"e-con-inner\">\n\t\t\t\t<div class=\"elementor-element elementor-element-37aa762 elementor-widget elementor-widget-text-editor\" data-id=\"37aa762\" data-element_type=\"widget\" data-widget_type=\"text-editor.default\">\n\t\t\t\t<div class=\"elementor-widget-container\">\n\t\t\t\t\t\t\t\t\t<p>Les pr\u00e9sentes conditions g\u00e9n\u00e9rales de vente (CGV) r\u00e9gissent l\u2019ensemble des transactions effectu\u00e9es sur le site lerousseaugrenoble\/boutique, exploit\u00e9 par Le Restaurant Le Rousseau.<\/p>\n<p>Elles d\u00e9finissent les droits et obligations des parties dans le cadre de la vente de bouteilles de vin.<\/p>\t\t\t\t\t\t\t\t<\/div>\n\t\t\t\t<\/div>\n\t\t\t\t\t<\/div>\n\t\t\t\t<\/div>\n\t\t<div class=\"elementor-element elementor-element-e653d62 e-flex e-con-boxed e-con e-parent\" data-id=\"e653d62\" data-element_type=\"container\">\n\t\t\t\t\t<div class=\"e-con-inner\">\n\t\t\t\t<div class=\"elementor-element elementor-element-30ea195 elementor-widget elementor-widget-heading\" data-id=\"30ea195\" data-element_type=\"widget\" data-widget_type=\"heading.default\">\n\t\t\t\t<div class=\"elementor-widget-container\">\n\t\t\t\t\t<h2 class=\"elementor-heading-title elementor-size-default\">Produits et Disponibilit\u00e9<\/h2>\t\t\t\t<\/div>\n\t\t\t\t<\/div>\n\t\t\t\t\t<\/div>\n\t\t\t\t<\/div>\n\t\t<div class=\"elementor-element elementor-element-acc434f e-flex e-con-boxed e-con e-parent\" data-id=\"acc434f\" data-element_type=\"container\">\n\t\t\t\t\t<div class=\"e-con-inner\">\n\t\t\t\t<div class=\"elementor-element elementor-element-5da8498 elementor-widget elementor-widget-text-editor\" data-id=\"5da8498\" data-element_type=\"widget\" data-widget_type=\"text-editor.default\">\n\t\t\t\t<div class=\"elementor-widget-container\">\n\t\t\t\t\t\t\t\t\t<p>Les produits propos\u00e9s sur le site sont d\u00e9crits avec la plus grande exactitude possible.<\/p>\n<p>Toutefois, en cas d\u2019erreur ou d\u2019omission dans cette pr\u00e9sentation, la responsabilit\u00e9 du Restaurant Le Rousseau ne saurait \u00eatre engag\u00e9e.<\/p>\n<p>Les offres sont valables dans la limite des stocks disponibles.<\/p>\t\t\t\t\t\t\t\t<\/div>\n\t\t\t\t<\/div>\n\t\t\t\t\t<\/div>\n\t\t\t\t<\/div>\n\t\t<div class=\"elementor-element elementor-element-c256634 e-flex e-con-boxed e-con e-parent\" data-id=\"c256634\" data-element_type=\"container\">\n\t\t\t\t\t<div class=\"e-con-inner\">\n\t\t\t\t<div class=\"elementor-element elementor-element-a582b32 elementor-widget elementor-widget-heading\" data-id=\"a582b32\" data-element_type=\"widget\" data-widget_type=\"heading.default\">\n\t\t\t\t<div class=\"elementor-widget-container\">\n\t\t\t\t\t<h2 class=\"elementor-heading-title elementor-size-default\">Prix<\/h2>\t\t\t\t<\/div>\n\t\t\t\t<\/div>\n\t\t\t\t\t<\/div>\n\t\t\t\t<\/div>\n\t\t<div class=\"elementor-element elementor-element-2cdd469 e-flex e-con-boxed e-con e-parent\" data-id=\"2cdd469\" data-element_type=\"container\">\n\t\t\t\t\t<div class=\"e-con-inner\">\n\t\t\t\t<div class=\"elementor-element elementor-element-f2ac28f elementor-widget elementor-widget-text-editor\" data-id=\"f2ac28f\" data-element_type=\"widget\" data-widget_type=\"text-editor.default\">\n\t\t\t\t<div class=\"elementor-widget-container\">\n\t\t\t\t\t\t\t\t\t<p>Les prix affich\u00e9s sont en euros, toutes taxes comprises (TTC), hors frais de livraison.<\/p>\n<p>Le Restaurant Le Rousseau se r\u00e9serve le droit de modifier les prix \u00e0 tout moment, mais s&#8217;engage \u00e0 appliquer les tarifs en vigueur au moment de la validation de la commande.<\/p>\t\t\t\t\t\t\t\t<\/div>\n\t\t\t\t<\/div>\n\t\t\t\t\t<\/div>\n\t\t\t\t<\/div>\n\t\t<div class=\"elementor-element elementor-element-c50dd99 e-flex e-con-boxed e-con e-parent\" data-id=\"c50dd99\" data-element_type=\"container\">\n\t\t\t\t\t<div class=\"e-con-inner\">\n\t\t\t\t<div class=\"elementor-element elementor-element-1f96527 elementor-widget elementor-widget-heading\" data-id=\"1f96527\" data-element_type=\"widget\" data-widget_type=\"heading.default\">\n\t\t\t\t<div class=\"elementor-widget-container\">\n\t\t\t\t\t<h2 class=\"elementor-heading-title elementor-size-default\">Commande<\/h2>\t\t\t\t<\/div>\n\t\t\t\t<\/div>\n\t\t\t\t\t<\/div>\n\t\t\t\t<\/div>\n\t\t<div class=\"elementor-element elementor-element-0d0f43a e-flex e-con-boxed e-con e-parent\" data-id=\"0d0f43a\" data-element_type=\"container\">\n\t\t\t\t\t<div class=\"e-con-inner\">\n\t\t\t\t<div class=\"elementor-element elementor-element-8d75233 elementor-widget elementor-widget-text-editor\" data-id=\"8d75233\" data-element_type=\"widget\" data-widget_type=\"text-editor.default\">\n\t\t\t\t<div class=\"elementor-widget-container\">\n\t\t\t\t\t\t\t\t\t<p>Toute commande pass\u00e9e sur le site implique l&#8217;acceptation des pr\u00e9sentes CGV.<\/p>\n<p>Le client recevra un email de confirmation apr\u00e8s validation du paiement.<\/p>\t\t\t\t\t\t\t\t<\/div>\n\t\t\t\t<\/div>\n\t\t\t\t\t<\/div>\n\t\t\t\t<\/div>\n\t\t<div class=\"elementor-element elementor-element-7639f9e e-flex e-con-boxed e-con e-parent\" data-id=\"7639f9e\" data-element_type=\"container\">\n\t\t\t\t\t<div class=\"e-con-inner\">\n\t\t\t\t<div class=\"elementor-element elementor-element-a480e0b elementor-widget elementor-widget-heading\" data-id=\"a480e0b\" data-element_type=\"widget\" data-widget_type=\"heading.default\">\n\t\t\t\t<div class=\"elementor-widget-container\">\n\t\t\t\t\t<h2 class=\"elementor-heading-title elementor-size-default\">Paiement<\/h2>\t\t\t\t<\/div>\n\t\t\t\t<\/div>\n\t\t\t\t\t<\/div>\n\t\t\t\t<\/div>\n\t\t<div class=\"elementor-element elementor-element-40713b2 e-flex e-con-boxed e-con e-parent\" data-id=\"40713b2\" data-element_type=\"container\">\n\t\t\t\t\t<div class=\"e-con-inner\">\n\t\t\t\t<div class=\"elementor-element elementor-element-9ddbbef elementor-widget elementor-widget-text-editor\" data-id=\"9ddbbef\" data-element_type=\"widget\" data-widget_type=\"text-editor.default\">\n\t\t\t\t<div class=\"elementor-widget-container\">\n\t\t\t\t\t\t\t\t\t<p>Le paiement s\u2019effectue en ligne par carte bancaire, Google Pay, Apple Pay ou tout autre moyen propos\u00e9 sur le site.<\/p>\n<p>Les transactions sont s\u00e9curis\u00e9es par notre prestataire de paiement.<\/p>\t\t\t\t\t\t\t\t<\/div>\n\t\t\t\t<\/div>\n\t\t\t\t\t<\/div>\n\t\t\t\t<\/div>\n\t\t<div class=\"elementor-element elementor-element-1955498 e-flex e-con-boxed e-con e-parent\" data-id=\"1955498\" data-element_type=\"container\">\n\t\t\t\t\t<div class=\"e-con-inner\">\n\t\t\t\t<div class=\"elementor-element elementor-element-0381a70 elementor-widget elementor-widget-heading\" data-id=\"0381a70\" data-element_type=\"widget\" data-widget_type=\"heading.default\">\n\t\t\t\t<div class=\"elementor-widget-container\">\n\t\t\t\t\t<h2 class=\"elementor-heading-title elementor-size-default\">Livraison<\/h2>\t\t\t\t<\/div>\n\t\t\t\t<\/div>\n\t\t\t\t\t<\/div>\n\t\t\t\t<\/div>\n\t\t<div class=\"elementor-element elementor-element-c2bc6e2 e-flex e-con-boxed e-con e-parent\" data-id=\"c2bc6e2\" data-element_type=\"container\">\n\t\t\t\t\t<div class=\"e-con-inner\">\n\t\t\t\t<div class=\"elementor-element elementor-element-df91dad elementor-widget elementor-widget-text-editor\" data-id=\"df91dad\" data-element_type=\"widget\" data-widget_type=\"text-editor.default\">\n\t\t\t\t<div class=\"elementor-widget-container\">\n\t\t\t\t\t\t\t\t\t<p>Les d\u00e9lais de livraison varient selon la destination et le mode d\u2019exp\u00e9dition choisi.<\/p>\n<p>Le Restaurant Le Rousseau s\u2019engage \u00e0 exp\u00e9dier les commandes dans les d\u00e9lais annonc\u00e9s mais ne peut \u00eatre tenue responsable des retards dus aux transporteurs.<\/p>\t\t\t\t\t\t\t\t<\/div>\n\t\t\t\t<\/div>\n\t\t\t\t\t<\/div>\n\t\t\t\t<\/div>\n\t\t<div class=\"elementor-element elementor-element-b4dfdf5 e-flex e-con-boxed e-con e-parent\" data-id=\"b4dfdf5\" data-element_type=\"container\">\n\t\t\t\t\t<div class=\"e-con-inner\">\n\t\t\t\t<div class=\"elementor-element elementor-element-bc4f19a elementor-widget elementor-widget-heading\" data-id=\"bc4f19a\" data-element_type=\"widget\" data-widget_type=\"heading.default\">\n\t\t\t\t<div class=\"elementor-widget-container\">\n\t\t\t\t\t<h2 class=\"elementor-heading-title elementor-size-default\">Droit de R\u00e9tractation<\/h2>\t\t\t\t<\/div>\n\t\t\t\t<\/div>\n\t\t\t\t\t<\/div>\n\t\t\t\t<\/div>\n\t\t<div class=\"elementor-element elementor-element-de510ba e-flex e-con-boxed e-con e-parent\" data-id=\"de510ba\" data-element_type=\"container\">\n\t\t\t\t\t<div class=\"e-con-inner\">\n\t\t\t\t<div class=\"elementor-element elementor-element-6975ac1 elementor-widget elementor-widget-text-editor\" data-id=\"6975ac1\" data-element_type=\"widget\" data-widget_type=\"text-editor.default\">\n\t\t\t\t<div class=\"elementor-widget-container\">\n\t\t\t\t\t\t\t\t\t<p>Conform\u00e9ment \u00e0 la l\u00e9gislation en vigueur, le client dispose d\u2019un d\u00e9lai de 14 jours \u00e0 compter de la r\u00e9ception du produit pour exercer son droit de r\u00e9tractation, sous r\u00e9serve que la bouteille de vin soit intacte et non ouverte.<\/p>\t\t\t\t\t\t\t\t<\/div>\n\t\t\t\t<\/div>\n\t\t\t\t\t<\/div>\n\t\t\t\t<\/div>\n\t\t<div class=\"elementor-element elementor-element-0c6fc37 e-flex e-con-boxed e-con e-parent\" data-id=\"0c6fc37\" data-element_type=\"container\">\n\t\t\t\t\t<div class=\"e-con-inner\">\n\t\t\t\t<div class=\"elementor-element elementor-element-5fdcae7 elementor-widget elementor-widget-heading\" data-id=\"5fdcae7\" data-element_type=\"widget\" data-widget_type=\"heading.default\">\n\t\t\t\t<div class=\"elementor-widget-container\">\n\t\t\t\t\t<h2 class=\"elementor-heading-title elementor-size-default\">Garanties et R\u00e9clamations<\/h2>\t\t\t\t<\/div>\n\t\t\t\t<\/div>\n\t\t\t\t\t<\/div>\n\t\t\t\t<\/div>\n\t\t<div class=\"elementor-element elementor-element-149a6e8 e-flex e-con-boxed e-con e-parent\" data-id=\"149a6e8\" data-element_type=\"container\">\n\t\t\t\t\t<div class=\"e-con-inner\">\n\t\t\t\t<div class=\"elementor-element elementor-element-5064663 elementor-widget elementor-widget-text-editor\" data-id=\"5064663\" data-element_type=\"widget\" data-widget_type=\"text-editor.default\">\n\t\t\t\t<div class=\"elementor-widget-container\">\n\t\t\t\t\t\t\t\t\t<p>Les produits b\u00e9n\u00e9ficient des garanties l\u00e9gales de conformit\u00e9 et des vices cach\u00e9s.<\/p>\n<p>Toute r\u00e9clamation doit \u00eatre adress\u00e9e \u00e0 notre service client via <a href=\"mailto:contact@lerousseaugrenoble.fr\">contact@lerousseaugrenoble.fr<\/a><\/p>\t\t\t\t\t\t\t\t<\/div>\n\t\t\t\t<\/div>\n\t\t\t\t\t<\/div>\n\t\t\t\t<\/div>\n\t\t<div class=\"elementor-element elementor-element-48b14b5 e-flex e-con-boxed e-con e-parent\" data-id=\"48b14b5\" data-element_type=\"container\">\n\t\t\t\t\t<div class=\"e-con-inner\">\n\t\t\t\t<div class=\"elementor-element elementor-element-38a939b elementor-widget elementor-widget-heading\" data-id=\"38a939b\" data-element_type=\"widget\" data-widget_type=\"heading.default\">\n\t\t\t\t<div class=\"elementor-widget-container\">\n\t\t\t\t\t<h2 class=\"elementor-heading-title elementor-size-default\">Responsabilit\u00e9<\/h2>\t\t\t\t<\/div>\n\t\t\t\t<\/div>\n\t\t\t\t\t<\/div>\n\t\t\t\t<\/div>\n\t\t<div class=\"elementor-element elementor-element-ea34e33 e-flex e-con-boxed e-con e-parent\" data-id=\"ea34e33\" data-element_type=\"container\">\n\t\t\t\t\t<div class=\"e-con-inner\">\n\t\t\t\t<div class=\"elementor-element elementor-element-6f87157 elementor-widget elementor-widget-text-editor\" data-id=\"6f87157\" data-element_type=\"widget\" data-widget_type=\"text-editor.default\">\n\t\t\t\t<div class=\"elementor-widget-container\">\n\t\t\t\t\t\t\t\t\t<p>Le Restaurant Le Rousseau ne saurait \u00eatre tenue responsable de l\u2019inex\u00e9cution du contrat en cas de force majeure (gr\u00e8ve, catastrophe naturelle, etc.)<\/p>\t\t\t\t\t\t\t\t<\/div>\n\t\t\t\t<\/div>\n\t\t\t\t\t<\/div>\n\t\t\t\t<\/div>\n\t\t<div class=\"elementor-element elementor-element-b0ba7a6 e-flex e-con-boxed e-con e-parent\" data-id=\"b0ba7a6\" data-element_type=\"container\">\n\t\t\t\t\t<div class=\"e-con-inner\">\n\t\t\t\t<div class=\"elementor-element elementor-element-4b6e8f2 elementor-widget elementor-widget-heading\" data-id=\"4b6e8f2\" data-element_type=\"widget\" data-widget_type=\"heading.default\">\n\t\t\t\t<div class=\"elementor-widget-container\">\n\t\t\t\t\t<h2 class=\"elementor-heading-title elementor-size-default\">Protection des donn\u00e9es personnelles<\/h2>\t\t\t\t<\/div>\n\t\t\t\t<\/div>\n\t\t\t\t\t<\/div>\n\t\t\t\t<\/div>\n\t\t<div class=\"elementor-element elementor-element-a71176b e-flex e-con-boxed e-con e-parent\" data-id=\"a71176b\" data-element_type=\"container\">\n\t\t\t\t\t<div class=\"e-con-inner\">\n\t\t\t\t<div class=\"elementor-element elementor-element-6558f11 elementor-widget elementor-widget-text-editor\" data-id=\"6558f11\" data-element_type=\"widget\" data-widget_type=\"text-editor.default\">\n\t\t\t\t<div class=\"elementor-widget-container\">\n\t\t\t\t\t\t\t\t\t<p>Les informations personnelles recueillies sont trait\u00e9es conform\u00e9ment \u00e0 notre <a href=\"https:\/\/lerousseaugrenoble.fr\/boutique\/politique-de-confidentialite\/\" data-type=\"link\" data-id=\"https:\/\/lerousseaugrenoble.fr\/boutique\/politique-de-confidentialite\/\">Politique de Confidentialit\u00e9<\/a>.<\/p>\t\t\t\t\t\t\t\t<\/div>\n\t\t\t\t<\/div>\n\t\t\t\t\t<\/div>\n\t\t\t\t<\/div>\n\t\t<div class=\"elementor-element elementor-element-1f335db e-flex e-con-boxed e-con e-parent\" data-id=\"1f335db\" data-element_type=\"container\">\n\t\t\t\t\t<div class=\"e-con-inner\">\n\t\t\t\t<div class=\"elementor-element elementor-element-e793593 elementor-widget elementor-widget-heading\" data-id=\"e793593\" data-element_type=\"widget\" data-widget_type=\"heading.default\">\n\t\t\t\t<div class=\"elementor-widget-container\">\n\t\t\t\t\t<h2 class=\"elementor-heading-title elementor-size-default\">Droit applicable et litiges<\/h2>\t\t\t\t<\/div>\n\t\t\t\t<\/div>\n\t\t\t\t\t<\/div>\n\t\t\t\t<\/div>\n\t\t<div class=\"elementor-element elementor-element-c2145a7 e-flex e-con-boxed e-con e-parent\" data-id=\"c2145a7\" data-element_type=\"container\">\n\t\t\t\t\t<div class=\"e-con-inner\">\n\t\t\t\t<div class=\"elementor-element elementor-element-f0e51fa elementor-widget elementor-widget-text-editor\" data-id=\"f0e51fa\" data-element_type=\"widget\" data-widget_type=\"text-editor.default\">\n\t\t\t\t<div class=\"elementor-widget-container\">\n\t\t\t\t\t\t\t\t\t<p>Les pr\u00e9sentes CGV sont r\u00e9gies par le droit fran\u00e7ais.<\/p>\n<p>En cas de litige, les parties s\u2019efforceront de trouver une solution amiable.<\/p>\n<p>\u00c0 d\u00e9faut, le tribunal comp\u00e9tent sera celui du si\u00e8ge social du Restaurant Le Rousseau.<\/p>\t\t\t\t\t\t\t\t<\/div>\n\t\t\t\t<\/div>\n\t\t\t\t\t<\/div>\n\t\t\t\t<\/div>\n\t\t<div class=\"elementor-element elementor-element-a7d8f52 e-flex e-con-boxed e-con e-parent\" data-id=\"a7d8f52\" data-element_type=\"container\">\n\t\t\t\t\t<div class=\"e-con-inner\">\n\t\t\t\t<div class=\"elementor-element elementor-element-bd7935d elementor-widget elementor-widget-heading\" data-id=\"bd7935d\" data-element_type=\"widget\" data-widget_type=\"heading.default\">\n\t\t\t\t<div class=\"elementor-widget-container\">\n\t\t\t\t\t<h2 class=\"elementor-heading-title elementor-size-default\">Contact<\/h2>\t\t\t\t<\/div>\n\t\t\t\t<\/div>\n\t\t\t\t\t<\/div>\n\t\t\t\t<\/div>\n\t\t<div class=\"elementor-element elementor-element-a5be27f e-flex e-con-boxed e-con e-parent\" data-id=\"a5be27f\" data-element_type=\"container\">\n\t\t\t\t\t<div class=\"e-con-inner\">\n\t\t\t\t<div class=\"elementor-element elementor-element-2b93b2b elementor-widget elementor-widget-text-editor\" data-id=\"2b93b2b\" data-element_type=\"widget\" data-widget_type=\"text-editor.default\">\n\t\t\t\t<div class=\"elementor-widget-container\">\n\t\t\t\t\t\t\t\t\t<p>Pour toute question relative aux pr\u00e9sentes CGV, vous pouvez nous contacter \u00e0 <a href=\"mailto:contact@lerousseaugrenoble.fr\">contact@lerousseaugrenoble.fr<\/a> ou par courrier \u00e0<\/p>\n<p>&#8220;Restaurant Le Rousseau &#8211; 16 Bis Cr Saint-Andr\u00e9, 38800 Le Pont-de-Claix&#8221;<\/p>\t\t\t\t\t\t\t\t<\/div>\n\t\t\t\t<\/div>\n\t\t\t\t\t<\/div>\n\t\t\t\t<\/div>\n\t\t\t\t<\/div>\n\t\t","protected":false},"excerpt":{"rendered":"<p>Conditions g\u00e9n\u00e9rales de ventes Objet Les pr\u00e9sentes conditions g\u00e9n\u00e9rales de vente (CGV) r\u00e9gissent l\u2019ensemble des transactions effectu\u00e9es sur le site lerousseaugrenoble\/boutique, exploit\u00e9 par Le Restaurant Le Rousseau. Elles d\u00e9finissent les droits et obligations des parties dans le cadre de la vente de bouteilles de vin. Produits et Disponibilit\u00e9 Les produits propos\u00e9s sur le site sont [&hellip;]<\/p>\n","protected":false},"author":1,"featured_media":0,"parent":0,"menu_order":0,"comment_status":"closed","ping_status":"closed","template":"","meta":{"footnotes":""},"class_list":["post-354","page","type-page","status-publish","hentry"],"_links":{"self":[{"href":"https:\/\/lerousseaugrenoble.fr\/boutique\/wp-json\/wp\/v2\/pages\/354","targetHints":{"allow":["GET"]}}],"collection":[{"href":"https:\/\/lerousseaugrenoble.fr\/boutique\/wp-json\/wp\/v2\/pages"}],"about":[{"href":"https:\/\/lerousseaugrenoble.fr\/boutique\/wp-json\/wp\/v2\/types\/page"}],"author":[{"embeddable":true,"href":"https:\/\/lerousseaugrenoble.fr\/boutique\/wp-json\/wp\/v2\/users\/1"}],"replies":[{"embeddable":true,"href":"https:\/\/lerousseaugrenoble.fr\/boutique\/wp-json\/wp\/v2\/comments?post=354"}],"version-history":[{"count":34,"href":"https:\/\/lerousseaugrenoble.fr\/boutique\/wp-json\/wp\/v2\/pages\/354\/revisions"}],"predecessor-version":[{"id":25003,"href":"https:\/\/lerousseaugrenoble.fr\/boutique\/wp-json\/wp\/v2\/pages\/354\/revisions\/25003"}],"wp:attachment":[{"href":"https:\/\/lerousseaugrenoble.fr\/boutique\/wp-json\/wp\/v2\/media?parent=354"}],"curies":[{"name":"wp","href":"https:\/\/api.w.org\/{rel}","templated":true}]}}