{"id":347,"date":"2025-02-25T15:52:26","date_gmt":"2025-02-25T14:52:26","guid":{"rendered":"https:\/\/lerousseaugrenoble.fr\/boutique\/?page_id=347"},"modified":"2025-04-30T11:22:54","modified_gmt":"2025-04-30T09:22:54","slug":"mentions-legales","status":"publish","type":"page","link":"https:\/\/lerousseaugrenoble.fr\/boutique\/mentions-legales\/","title":{"rendered":"Mentions l\u00e9gales"},"content":{"rendered":"\t\t<div data-elementor-type=\"wp-page\" data-elementor-id=\"347\" class=\"elementor elementor-347\">\n\t\t\t\t<div class=\"elementor-element elementor-element-942bf27 e-flex e-con-boxed e-con e-parent\" data-id=\"942bf27\" data-element_type=\"container\">\n\t\t\t\t\t<div class=\"e-con-inner\">\n\t\t\t\t<div class=\"elementor-element elementor-element-1863f6c elementor-widget elementor-widget-heading\" data-id=\"1863f6c\" data-element_type=\"widget\" data-widget_type=\"heading.default\">\n\t\t\t\t<div class=\"elementor-widget-container\">\n\t\t\t\t\t<h2 class=\"elementor-heading-title elementor-size-default\">Mentions l\u00e9gales<\/h2>\t\t\t\t<\/div>\n\t\t\t\t<\/div>\n\t\t\t\t\t<\/div>\n\t\t\t\t<\/div>\n\t\t<div class=\"elementor-element elementor-element-f12948f e-flex e-con-boxed e-con e-parent\" data-id=\"f12948f\" data-element_type=\"container\">\n\t\t\t\t\t<div class=\"e-con-inner\">\n\t\t\t\t<div class=\"elementor-element elementor-element-e98b2e0 elementor-widget elementor-widget-heading\" data-id=\"e98b2e0\" data-element_type=\"widget\" data-widget_type=\"heading.default\">\n\t\t\t\t<div class=\"elementor-widget-container\">\n\t\t\t\t\t<h2 class=\"elementor-heading-title elementor-size-default\">\u00c9diteur du site<\/h2>\t\t\t\t<\/div>\n\t\t\t\t<\/div>\n\t\t\t\t\t<\/div>\n\t\t\t\t<\/div>\n\t\t<div class=\"elementor-element elementor-element-d715059 e-flex e-con-boxed e-con e-parent\" data-id=\"d715059\" data-element_type=\"container\">\n\t\t\t\t\t<div class=\"e-con-inner\">\n\t\t\t\t<div class=\"elementor-element elementor-element-44d866f elementor-widget elementor-widget-text-editor\" data-id=\"44d866f\" data-element_type=\"widget\" data-widget_type=\"text-editor.default\">\n\t\t\t\t<div class=\"elementor-widget-container\">\n\t\t\t\t\t\t\t\t\t<p>Le site <a href=\"https:\/\/lerousseaugrenoble\/boutique\">lerousseaugrenoble\/boutique<\/a> est \u00e9dit\u00e9 par :<\/p>\n<p><!-- \/wp:paragraph --><!-- wp:list --><\/p>\n<ul class=\"wp-block-list\"><!-- wp:list-item -->\n<li><strong>Nom de l&#8217;entreprise<\/strong> : Restaurant Le Rousseau<\/li>\n<!-- \/wp:list-item --><!-- wp:list-item -->\n<li><strong>Si\u00e8ge social<\/strong> : 16 Bis Cr Saint-Andr\u00e9, 38800 Le Pont-de-Claix<\/li>\n<!-- \/wp:list-item --><!-- wp:list-item -->\n<li><strong>Num\u00e9ro d\u2019immatriculation<\/strong> : 81488962200027<\/li>\n<!-- \/wp:list-item --><!-- wp:list-item -->\n<li><strong>Email<\/strong> : <a href=\"mailto:contact@lerousseaugrenoble.fr\">contact@lerousseaugrenoble.fr<\/a><\/li>\n<!-- \/wp:list-item --><!-- wp:list-item -->\n<li><strong>T\u00e9l\u00e9phone<\/strong> : 04 76 14 86 75<\/li>\n<!-- \/wp:list-item --><!-- wp:list-item -->\n<li><strong>Directeur de publication<\/strong> : Hugo Bijaoui<\/li>\n<\/ul>\t\t\t\t\t\t\t\t<\/div>\n\t\t\t\t<\/div>\n\t\t\t\t\t<\/div>\n\t\t\t\t<\/div>\n\t\t<div class=\"elementor-element elementor-element-b563fc4 e-flex e-con-boxed e-con e-parent\" data-id=\"b563fc4\" data-element_type=\"container\">\n\t\t\t\t\t<div class=\"e-con-inner\">\n\t\t\t\t<div class=\"elementor-element elementor-element-5e190b5 elementor-widget elementor-widget-heading\" data-id=\"5e190b5\" data-element_type=\"widget\" data-widget_type=\"heading.default\">\n\t\t\t\t<div class=\"elementor-widget-container\">\n\t\t\t\t\t<h2 class=\"elementor-heading-title elementor-size-default\">H\u00e9bergement<\/h2>\t\t\t\t<\/div>\n\t\t\t\t<\/div>\n\t\t\t\t\t<\/div>\n\t\t\t\t<\/div>\n\t\t<div class=\"elementor-element elementor-element-fa9db22 e-flex e-con-boxed e-con e-parent\" data-id=\"fa9db22\" data-element_type=\"container\">\n\t\t\t\t\t<div class=\"e-con-inner\">\n\t\t\t\t<div class=\"elementor-element elementor-element-cb2944d elementor-widget elementor-widget-text-editor\" data-id=\"cb2944d\" data-element_type=\"widget\" data-widget_type=\"text-editor.default\">\n\t\t\t\t<div class=\"elementor-widget-container\">\n\t\t\t\t\t\t\t\t\t<p>Le site est h\u00e9berg\u00e9 par :<\/p>\n<p><!-- \/wp:paragraph --><!-- wp:paragraph --><\/p>\n<p><strong>Nom de l\u2019h\u00e9bergeur<\/strong> : OVHcloud<br \/><strong>Adresse (si\u00e8ge social)<\/strong> : 2 rue Kellermann, 59100 Roubaix<br \/><strong>Site web<\/strong> : <a href=\"https:\/\/www.ovhcloud.com\/fr\/\">https:\/\/www.ovhcloud.com\/fr\/<\/a><\/p>\t\t\t\t\t\t\t\t<\/div>\n\t\t\t\t<\/div>\n\t\t\t\t\t<\/div>\n\t\t\t\t<\/div>\n\t\t<div class=\"elementor-element elementor-element-51505cc e-flex e-con-boxed e-con e-parent\" data-id=\"51505cc\" data-element_type=\"container\">\n\t\t\t\t\t<div class=\"e-con-inner\">\n\t\t\t\t<div class=\"elementor-element elementor-element-85b4ce3 elementor-widget elementor-widget-heading\" data-id=\"85b4ce3\" data-element_type=\"widget\" data-widget_type=\"heading.default\">\n\t\t\t\t<div class=\"elementor-widget-container\">\n\t\t\t\t\t<h2 class=\"elementor-heading-title elementor-size-default\">Propri\u00e9t\u00e9 intellectuelle<\/h2>\t\t\t\t<\/div>\n\t\t\t\t<\/div>\n\t\t\t\t\t<\/div>\n\t\t\t\t<\/div>\n\t\t<div class=\"elementor-element elementor-element-27d163e e-flex e-con-boxed e-con e-parent\" data-id=\"27d163e\" data-element_type=\"container\">\n\t\t\t\t\t<div class=\"e-con-inner\">\n\t\t\t\t<div class=\"elementor-element elementor-element-9354a86 elementor-widget elementor-widget-text-editor\" data-id=\"9354a86\" data-element_type=\"widget\" data-widget_type=\"text-editor.default\">\n\t\t\t\t<div class=\"elementor-widget-container\">\n\t\t\t\t\t\t\t\t\t<p>L\u2019ensemble des \u00e9l\u00e9ments pr\u00e9sents sur ce site (textes, images, graphismes, logo, ic\u00f4nes, sons, logiciels) sont prot\u00e9g\u00e9s par les lois sur la propri\u00e9t\u00e9 intellectuelle et sont la propri\u00e9t\u00e9 exclusive du Restaurant Le Rousseau ou de ses partenaires.<\/p>\n<p>Toute reproduction, modification ou distribution sans autorisation pr\u00e9alable est interdite.<\/p>\t\t\t\t\t\t\t\t<\/div>\n\t\t\t\t<\/div>\n\t\t\t\t\t<\/div>\n\t\t\t\t<\/div>\n\t\t<div class=\"elementor-element elementor-element-64f973a e-flex e-con-boxed e-con e-parent\" data-id=\"64f973a\" data-element_type=\"container\">\n\t\t\t\t\t<div class=\"e-con-inner\">\n\t\t\t\t<div class=\"elementor-element elementor-element-0484fbe elementor-widget elementor-widget-heading\" data-id=\"0484fbe\" data-element_type=\"widget\" data-widget_type=\"heading.default\">\n\t\t\t\t<div class=\"elementor-widget-container\">\n\t\t\t\t\t<h2 class=\"elementor-heading-title elementor-size-default\">Donn\u00e9es personnelles<\/h2>\t\t\t\t<\/div>\n\t\t\t\t<\/div>\n\t\t\t\t\t<\/div>\n\t\t\t\t<\/div>\n\t\t<div class=\"elementor-element elementor-element-1c9880f e-flex e-con-boxed e-con e-parent\" data-id=\"1c9880f\" data-element_type=\"container\">\n\t\t\t\t\t<div class=\"e-con-inner\">\n\t\t\t\t<div class=\"elementor-element elementor-element-f9b201c elementor-widget elementor-widget-text-editor\" data-id=\"f9b201c\" data-element_type=\"widget\" data-widget_type=\"text-editor.default\">\n\t\t\t\t<div class=\"elementor-widget-container\">\n\t\t\t\t\t\t\t\t\t<p>Les informations collect\u00e9es sur ce site sont trait\u00e9es conform\u00e9ment \u00e0 notre <a href=\"https:\/\/lerousseaugrenoble.fr\/boutique\/politique-de-confidentialite\/\" data-type=\"link\" data-id=\"https:\/\/lerousseaugrenoble.fr\/boutique\/politique-de-confidentialite\/\">Politique de Confidentialit\u00e9<\/a>.<\/p>\t\t\t\t\t\t\t\t<\/div>\n\t\t\t\t<\/div>\n\t\t\t\t\t<\/div>\n\t\t\t\t<\/div>\n\t\t<div class=\"elementor-element elementor-element-2b06999 e-flex e-con-boxed e-con e-parent\" data-id=\"2b06999\" data-element_type=\"container\">\n\t\t\t\t\t<div class=\"e-con-inner\">\n\t\t\t\t<div class=\"elementor-element elementor-element-570dbd0 elementor-widget elementor-widget-heading\" data-id=\"570dbd0\" data-element_type=\"widget\" data-widget_type=\"heading.default\">\n\t\t\t\t<div class=\"elementor-widget-container\">\n\t\t\t\t\t<h2 class=\"elementor-heading-title elementor-size-default\">Responsabilit\u00e9<\/h2>\t\t\t\t<\/div>\n\t\t\t\t<\/div>\n\t\t\t\t\t<\/div>\n\t\t\t\t<\/div>\n\t\t<div class=\"elementor-element elementor-element-07086af e-flex e-con-boxed e-con e-parent\" data-id=\"07086af\" data-element_type=\"container\">\n\t\t\t\t\t<div class=\"e-con-inner\">\n\t\t\t\t<div class=\"elementor-element elementor-element-f3a4714 elementor-widget elementor-widget-text-editor\" data-id=\"f3a4714\" data-element_type=\"widget\" data-widget_type=\"text-editor.default\">\n\t\t\t\t<div class=\"elementor-widget-container\">\n\t\t\t\t\t\t\t\t\t<p>Le Restaurant Le Rousseau s\u2019efforce d\u2019assurer l\u2019exactitude et la mise \u00e0 jour des informations publi\u00e9es sur le site, mais ne peut garantir leur exhaustivit\u00e9 ou leur pr\u00e9cision.<\/p>\n<p>En cons\u00e9quence, l\u2019utilisateur reconna\u00eet utiliser ces informations sous sa responsabilit\u00e9 exclusive.<\/p>\t\t\t\t\t\t\t\t<\/div>\n\t\t\t\t<\/div>\n\t\t\t\t\t<\/div>\n\t\t\t\t<\/div>\n\t\t<div class=\"elementor-element elementor-element-1aa3e7d e-flex e-con-boxed e-con e-parent\" data-id=\"1aa3e7d\" data-element_type=\"container\">\n\t\t\t\t\t<div class=\"e-con-inner\">\n\t\t\t\t<div class=\"elementor-element elementor-element-043cd1d elementor-widget elementor-widget-heading\" data-id=\"043cd1d\" data-element_type=\"widget\" data-widget_type=\"heading.default\">\n\t\t\t\t<div class=\"elementor-widget-container\">\n\t\t\t\t\t<h2 class=\"elementor-heading-title elementor-size-default\">Liens hypertextes<\/h2>\t\t\t\t<\/div>\n\t\t\t\t<\/div>\n\t\t\t\t\t<\/div>\n\t\t\t\t<\/div>\n\t\t<div class=\"elementor-element elementor-element-59e2048 e-flex e-con-boxed e-con e-parent\" data-id=\"59e2048\" data-element_type=\"container\">\n\t\t\t\t\t<div class=\"e-con-inner\">\n\t\t\t\t<div class=\"elementor-element elementor-element-73e51e5 elementor-widget elementor-widget-text-editor\" data-id=\"73e51e5\" data-element_type=\"widget\" data-widget_type=\"text-editor.default\">\n\t\t\t\t<div class=\"elementor-widget-container\">\n\t\t\t\t\t\t\t\t\t<p>Le site peut contenir des liens vers des sites tiers. Le Restaurant Le Rousseau ne peut \u00eatre tenu responsable du contenu de ces sites externes ni de leur politique de confidentialit\u00e9.<\/p>\t\t\t\t\t\t\t\t<\/div>\n\t\t\t\t<\/div>\n\t\t\t\t\t<\/div>\n\t\t\t\t<\/div>\n\t\t<div class=\"elementor-element elementor-element-8ca4c74 e-flex e-con-boxed e-con e-parent\" data-id=\"8ca4c74\" data-element_type=\"container\">\n\t\t\t\t\t<div class=\"e-con-inner\">\n\t\t\t\t<div class=\"elementor-element elementor-element-2311b7b elementor-widget elementor-widget-heading\" data-id=\"2311b7b\" data-element_type=\"widget\" data-widget_type=\"heading.default\">\n\t\t\t\t<div class=\"elementor-widget-container\">\n\t\t\t\t\t<h2 class=\"elementor-heading-title elementor-size-default\">Droit applicable et juridiction comp\u00e9tente<\/h2>\t\t\t\t<\/div>\n\t\t\t\t<\/div>\n\t\t\t\t\t<\/div>\n\t\t\t\t<\/div>\n\t\t<div class=\"elementor-element elementor-element-6481c19 e-flex e-con-boxed e-con e-parent\" data-id=\"6481c19\" data-element_type=\"container\">\n\t\t\t\t\t<div class=\"e-con-inner\">\n\t\t\t\t<div class=\"elementor-element elementor-element-94a2a5a elementor-widget elementor-widget-text-editor\" data-id=\"94a2a5a\" data-element_type=\"widget\" data-widget_type=\"text-editor.default\">\n\t\t\t\t<div class=\"elementor-widget-container\">\n\t\t\t\t\t\t\t\t\t<p>Tout litige relatif \u00e0 l\u2019utilisation du site est soumis au droit fran\u00e7ais. En cas de litige, les tribunaux comp\u00e9tents seront ceux du si\u00e8ge social du Restaurant Le Rousseau.<\/p>\t\t\t\t\t\t\t\t<\/div>\n\t\t\t\t<\/div>\n\t\t\t\t\t<\/div>\n\t\t\t\t<\/div>\n\t\t<div class=\"elementor-element elementor-element-497f5f7 e-flex e-con-boxed e-con e-parent\" data-id=\"497f5f7\" data-element_type=\"container\">\n\t\t\t\t\t<div class=\"e-con-inner\">\n\t\t\t\t<div class=\"elementor-element elementor-element-a01c86f elementor-widget elementor-widget-heading\" data-id=\"a01c86f\" data-element_type=\"widget\" data-widget_type=\"heading.default\">\n\t\t\t\t<div class=\"elementor-widget-container\">\n\t\t\t\t\t<h2 class=\"elementor-heading-title elementor-size-default\">Contact<\/h2>\t\t\t\t<\/div>\n\t\t\t\t<\/div>\n\t\t\t\t\t<\/div>\n\t\t\t\t<\/div>\n\t\t<div class=\"elementor-element elementor-element-c123285 e-flex e-con-boxed e-con e-parent\" data-id=\"c123285\" data-element_type=\"container\">\n\t\t\t\t\t<div class=\"e-con-inner\">\n\t\t\t\t<div class=\"elementor-element elementor-element-bf396db elementor-widget elementor-widget-text-editor\" data-id=\"bf396db\" data-element_type=\"widget\" data-widget_type=\"text-editor.default\">\n\t\t\t\t<div class=\"elementor-widget-container\">\n\t\t\t\t\t\t\t\t\t<p>Pour toute question relative \u00e0 ces mentions l\u00e9gales, vous pouvez nous contacter \u00e0 <a href=\"mailto:contact@lerousseaugrenoble.fr\">contact@lerousseaugrenoble.fr<\/a> ou par courrier \u00e0<\/p>\n<p>&#8220;Restaurant Le Rousseau &#8211; 16 Bis Cr Saint-Andr\u00e9, 38800 Le Pont-de-Claix&#8221;<\/p>\t\t\t\t\t\t\t\t<\/div>\n\t\t\t\t<\/div>\n\t\t\t\t\t<\/div>\n\t\t\t\t<\/div>\t\t<\/div>\n\t\t","protected":false},"excerpt":{"rendered":"<p>Mentions l\u00e9gales \u00c9diteur du site Le site lerousseaugrenoble\/boutique est \u00e9dit\u00e9 par : Nom de l&#8217;entreprise : Restaurant Le Rousseau Si\u00e8ge social : 16 Bis Cr Saint-Andr\u00e9, 38800 Le Pont-de-Claix Num\u00e9ro d\u2019immatriculation : 81488962200027 Email : contact@lerousseaugrenoble.fr T\u00e9l\u00e9phone : 04 76 14 86 75 Directeur de publication : Hugo Bijaoui H\u00e9bergement Le site est h\u00e9berg\u00e9 par [&hellip;]<\/p>\n","protected":false},"author":1,"featured_media":0,"parent":0,"menu_order":0,"comment_status":"closed","ping_status":"closed","template":"","meta":{"footnotes":""},"class_list":["post-347","page","type-page","status-publish","hentry"],"_links":{"self":[{"href":"https:\/\/lerousseaugrenoble.fr\/boutique\/wp-json\/wp\/v2\/pages\/347","targetHints":{"allow":["GET"]}}],"collection":[{"href":"https:\/\/lerousseaugrenoble.fr\/boutique\/wp-json\/wp\/v2\/pages"}],"about":[{"href":"https:\/\/lerousseaugrenoble.fr\/boutique\/wp-json\/wp\/v2\/types\/page"}],"author":[{"embeddable":true,"href":"https:\/\/lerousseaugrenoble.fr\/boutique\/wp-json\/wp\/v2\/users\/1"}],"replies":[{"embeddable":true,"href":"https:\/\/lerousseaugrenoble.fr\/boutique\/wp-json\/wp\/v2\/comments?post=347"}],"version-history":[{"count":9,"href":"https:\/\/lerousseaugrenoble.fr\/boutique\/wp-json\/wp\/v2\/pages\/347\/revisions"}],"predecessor-version":[{"id":25038,"href":"https:\/\/lerousseaugrenoble.fr\/boutique\/wp-json\/wp\/v2\/pages\/347\/revisions\/25038"}],"wp:attachment":[{"href":"https:\/\/lerousseaugrenoble.fr\/boutique\/wp-json\/wp\/v2\/media?parent=347"}],"curies":[{"name":"wp","href":"https:\/\/api.w.org\/{rel}","templated":true}]}}