{"id":3,"date":"2025-02-06T20:02:58","date_gmt":"2025-02-06T19:02:58","guid":{"rendered":"http:\/\/lerousseaugrenoble.fr\/boutique\/?page_id=3"},"modified":"2025-04-30T11:21:04","modified_gmt":"2025-04-30T09:21:04","slug":"politique-de-confidentialite","status":"publish","type":"page","link":"https:\/\/lerousseaugrenoble.fr\/boutique\/politique-de-confidentialite\/","title":{"rendered":"Politique de confidentialit\u00e9"},"content":{"rendered":"\t\t<div data-elementor-type=\"wp-page\" data-elementor-id=\"3\" class=\"elementor elementor-3\">\n\t\t\t\t<div class=\"elementor-element elementor-element-e0abf1a e-flex e-con-boxed e-con e-parent\" data-id=\"e0abf1a\" data-element_type=\"container\">\n\t\t\t\t\t<div class=\"e-con-inner\">\n\t\t\t\t<div class=\"elementor-element elementor-element-8fd0775 elementor-widget elementor-widget-heading\" data-id=\"8fd0775\" data-element_type=\"widget\" data-widget_type=\"heading.default\">\n\t\t\t\t<div class=\"elementor-widget-container\">\n\t\t\t\t\t<h2 class=\"elementor-heading-title elementor-size-default\">Politique de confidentialit\u00e9<\/h2>\t\t\t\t<\/div>\n\t\t\t\t<\/div>\n\t\t\t\t\t<\/div>\n\t\t\t\t<\/div>\n\t\t<div class=\"elementor-element elementor-element-9435094 e-flex e-con-boxed e-con e-parent\" data-id=\"9435094\" data-element_type=\"container\">\n\t\t\t\t\t<div class=\"e-con-inner\">\n\t\t\t\t<div class=\"elementor-element elementor-element-2ec115e elementor-widget elementor-widget-heading\" data-id=\"2ec115e\" data-element_type=\"widget\" data-widget_type=\"heading.default\">\n\t\t\t\t<div class=\"elementor-widget-container\">\n\t\t\t\t\t<h2 class=\"elementor-heading-title elementor-size-default\">Introduction<\/h2>\t\t\t\t<\/div>\n\t\t\t\t<\/div>\n\t\t\t\t\t<\/div>\n\t\t\t\t<\/div>\n\t\t<div class=\"elementor-element elementor-element-7e81d58 e-flex e-con-boxed e-con e-parent\" data-id=\"7e81d58\" data-element_type=\"container\">\n\t\t\t\t\t<div class=\"e-con-inner\">\n\t\t\t\t<div class=\"elementor-element elementor-element-a5464be elementor-widget elementor-widget-text-editor\" data-id=\"a5464be\" data-element_type=\"widget\" data-widget_type=\"text-editor.default\">\n\t\t\t\t<div class=\"elementor-widget-container\">\n\t\t\t\t\t\t\t\t\t<p>Bienvenue sur <a href=\"https:\/\/lerousseaugrenoble.fr\/\" data-type=\"link\" data-id=\"https:\/\/lerousseaugrenoble.fr\/\">lerousseaugrenoble.fr<\/a>, votre boutique en ligne sp\u00e9cialis\u00e9e dans la vente de bouteilles de vin.<\/p>\n<p>Nous attachons une grande importance \u00e0 la protection de vos donn\u00e9es personnelles et nous nous engageons \u00e0 les traiter en toute transparence, conform\u00e9ment au R\u00e8glement G\u00e9n\u00e9ral sur la Protection des Donn\u00e9es (RGPD) et aux lois en vigueur.<\/p>\t\t\t\t\t\t\t\t<\/div>\n\t\t\t\t<\/div>\n\t\t\t\t\t<\/div>\n\t\t\t\t<\/div>\n\t\t<div class=\"elementor-element elementor-element-490e672 e-flex e-con-boxed e-con e-parent\" data-id=\"490e672\" data-element_type=\"container\">\n\t\t\t\t\t<div class=\"e-con-inner\">\n\t\t\t\t<div class=\"elementor-element elementor-element-4342df5 elementor-widget elementor-widget-heading\" data-id=\"4342df5\" data-element_type=\"widget\" data-widget_type=\"heading.default\">\n\t\t\t\t<div class=\"elementor-widget-container\">\n\t\t\t\t\t<h2 class=\"elementor-heading-title elementor-size-default\">Donn\u00e9es collect\u00e9es<\/h2>\t\t\t\t<\/div>\n\t\t\t\t<\/div>\n\t\t\t\t\t<\/div>\n\t\t\t\t<\/div>\n\t\t<div class=\"elementor-element elementor-element-6d33e4c e-flex e-con-boxed e-con e-parent\" data-id=\"6d33e4c\" data-element_type=\"container\">\n\t\t\t\t\t<div class=\"e-con-inner\">\n\t\t\t\t<div class=\"elementor-element elementor-element-4f2ce0c elementor-widget elementor-widget-text-editor\" data-id=\"4f2ce0c\" data-element_type=\"widget\" data-widget_type=\"text-editor.default\">\n\t\t\t\t<div class=\"elementor-widget-container\">\n\t\t\t\t\t\t\t\t\t<p>Lorsque vous utilisez notre site, nous pouvons collecter et traiter les donn\u00e9es suivantes :<\/p>\n<p><!-- \/wp:paragraph --><!-- wp:list --><\/p>\n<ul class=\"wp-block-list\"><!-- wp:list-item -->\n<li>Informations personnelles : nom, pr\u00e9nom, adresse e-mail, num\u00e9ro de t\u00e9l\u00e9phone, adresse postale.<\/li>\n<!-- \/wp:list-item --><!-- wp:list-item -->\n<li>Donn\u00e9es de paiement : num\u00e9ro de carte bancaire (trait\u00e9 par un prestataire s\u00e9curis\u00e9).<\/li>\n<!-- \/wp:list-item --><!-- wp:list-item -->\n<li>Donn\u00e9es de navigation : adresse IP, type de navigateur, pages consult\u00e9es, dur\u00e9e de connexion.<\/li>\n<\/ul>\t\t\t\t\t\t\t\t<\/div>\n\t\t\t\t<\/div>\n\t\t\t\t\t<\/div>\n\t\t\t\t<\/div>\n\t\t<div class=\"elementor-element elementor-element-ccb109c e-flex e-con-boxed e-con e-parent\" data-id=\"ccb109c\" data-element_type=\"container\">\n\t\t\t\t\t<div class=\"e-con-inner\">\n\t\t\t\t<div class=\"elementor-element elementor-element-9a60415 elementor-widget elementor-widget-heading\" data-id=\"9a60415\" data-element_type=\"widget\" data-widget_type=\"heading.default\">\n\t\t\t\t<div class=\"elementor-widget-container\">\n\t\t\t\t\t<h2 class=\"elementor-heading-title elementor-size-default\">Utilisation des donn\u00e9es<\/h2>\t\t\t\t<\/div>\n\t\t\t\t<\/div>\n\t\t\t\t\t<\/div>\n\t\t\t\t<\/div>\n\t\t<div class=\"elementor-element elementor-element-b2478dc e-flex e-con-boxed e-con e-parent\" data-id=\"b2478dc\" data-element_type=\"container\">\n\t\t\t\t\t<div class=\"e-con-inner\">\n\t\t\t\t<div class=\"elementor-element elementor-element-dbe7a9e elementor-widget elementor-widget-text-editor\" data-id=\"dbe7a9e\" data-element_type=\"widget\" data-widget_type=\"text-editor.default\">\n\t\t\t\t<div class=\"elementor-widget-container\">\n\t\t\t\t\t\t\t\t\t<p>Vos donn\u00e9es sont utilis\u00e9es pour les finalit\u00e9s suivantes :<\/p>\n<p><!-- \/wp:paragraph --><!-- wp:list --><\/p>\n<ul class=\"wp-block-list\"><!-- wp:list-item -->\n<li>Traitement et livraison de vos commandes.<\/li>\n<!-- \/wp:list-item --><!-- wp:list-item -->\n<li>Gestion du service client.<\/li>\n<!-- \/wp:list-item --><!-- wp:list-item -->\n<li>Envoi d&#8217;offres promotionnelles et de newsletters (avec votre consentement).<\/li>\n<!-- \/wp:list-item --><!-- wp:list-item -->\n<li>Am\u00e9lioration de l&#8217;exp\u00e9rience utilisateur et analyse des performances du site.<\/li>\n<!-- \/wp:list-item --><!-- wp:list-item -->\n<li>Conformit\u00e9 avec les obligations l\u00e9gales et r\u00e9glementaires.<\/li>\n<\/ul>\t\t\t\t\t\t\t\t<\/div>\n\t\t\t\t<\/div>\n\t\t\t\t\t<\/div>\n\t\t\t\t<\/div>\n\t\t<div class=\"elementor-element elementor-element-3727c8b e-flex e-con-boxed e-con e-parent\" data-id=\"3727c8b\" data-element_type=\"container\">\n\t\t\t\t\t<div class=\"e-con-inner\">\n\t\t\t\t<div class=\"elementor-element elementor-element-8c24cac elementor-widget elementor-widget-heading\" data-id=\"8c24cac\" data-element_type=\"widget\" data-widget_type=\"heading.default\">\n\t\t\t\t<div class=\"elementor-widget-container\">\n\t\t\t\t\t<h2 class=\"elementor-heading-title elementor-size-default\">Partage des donn\u00e9es<\/h2>\t\t\t\t<\/div>\n\t\t\t\t<\/div>\n\t\t\t\t\t<\/div>\n\t\t\t\t<\/div>\n\t\t<div class=\"elementor-element elementor-element-f5deb49 e-flex e-con-boxed e-con e-parent\" data-id=\"f5deb49\" data-element_type=\"container\">\n\t\t\t\t\t<div class=\"e-con-inner\">\n\t\t\t\t<div class=\"elementor-element elementor-element-a00d85b elementor-widget elementor-widget-text-editor\" data-id=\"a00d85b\" data-element_type=\"widget\" data-widget_type=\"text-editor.default\">\n\t\t\t\t<div class=\"elementor-widget-container\">\n\t\t\t\t\t\t\t\t\t<p>Nous ne partageons vos donn\u00e9es personnelles qu&#8217;avec des tiers de confiance, notamment :<\/p>\n<p><!-- \/wp:paragraph --><!-- wp:list --><\/p>\n<ul class=\"wp-block-list\"><!-- wp:list-item -->\n<li>Prestataires de paiement et de logistique.<\/li>\n<!-- \/wp:list-item --><!-- wp:list-item -->\n<li>Services marketing et publicitaires (uniquement avec votre consentement).<\/li>\n<!-- \/wp:list-item --><!-- wp:list-item -->\n<li>Autorit\u00e9s administratives si requis par la loi.<\/li>\n<\/ul>\t\t\t\t\t\t\t\t<\/div>\n\t\t\t\t<\/div>\n\t\t\t\t\t<\/div>\n\t\t\t\t<\/div>\n\t\t<div class=\"elementor-element elementor-element-34517cc e-flex e-con-boxed e-con e-parent\" data-id=\"34517cc\" data-element_type=\"container\">\n\t\t\t\t\t<div class=\"e-con-inner\">\n\t\t\t\t<div class=\"elementor-element elementor-element-84e3e82 elementor-widget elementor-widget-heading\" data-id=\"84e3e82\" data-element_type=\"widget\" data-widget_type=\"heading.default\">\n\t\t\t\t<div class=\"elementor-widget-container\">\n\t\t\t\t\t<h2 class=\"elementor-heading-title elementor-size-default\">Protection des donn\u00e9es<\/h2>\t\t\t\t<\/div>\n\t\t\t\t<\/div>\n\t\t\t\t\t<\/div>\n\t\t\t\t<\/div>\n\t\t<div class=\"elementor-element elementor-element-142dab4 e-flex e-con-boxed e-con e-parent\" data-id=\"142dab4\" data-element_type=\"container\">\n\t\t\t\t\t<div class=\"e-con-inner\">\n\t\t\t\t<div class=\"elementor-element elementor-element-b849405 elementor-widget elementor-widget-text-editor\" data-id=\"b849405\" data-element_type=\"widget\" data-widget_type=\"text-editor.default\">\n\t\t\t\t<div class=\"elementor-widget-container\">\n\t\t\t\t\t\t\t\t\t<p>Nous mettons en place des mesures de s\u00e9curit\u00e9 techniques et organisationnelles pour prot\u00e9ger vos donn\u00e9es contre tout acc\u00e8s non autoris\u00e9, perte ou alt\u00e9ration.<\/p>\t\t\t\t\t\t\t\t<\/div>\n\t\t\t\t<\/div>\n\t\t\t\t\t<\/div>\n\t\t\t\t<\/div>\n\t\t<div class=\"elementor-element elementor-element-e0f6789 e-flex e-con-boxed e-con e-parent\" data-id=\"e0f6789\" data-element_type=\"container\">\n\t\t\t\t\t<div class=\"e-con-inner\">\n\t\t\t\t<div class=\"elementor-element elementor-element-16753e9 elementor-widget elementor-widget-heading\" data-id=\"16753e9\" data-element_type=\"widget\" data-widget_type=\"heading.default\">\n\t\t\t\t<div class=\"elementor-widget-container\">\n\t\t\t\t\t<h2 class=\"elementor-heading-title elementor-size-default\">Vos droits<\/h2>\t\t\t\t<\/div>\n\t\t\t\t<\/div>\n\t\t\t\t\t<\/div>\n\t\t\t\t<\/div>\n\t\t<div class=\"elementor-element elementor-element-7eeda51 e-flex e-con-boxed e-con e-parent\" data-id=\"7eeda51\" data-element_type=\"container\">\n\t\t\t\t\t<div class=\"e-con-inner\">\n\t\t\t\t<div class=\"elementor-element elementor-element-33481eb elementor-widget elementor-widget-text-editor\" data-id=\"33481eb\" data-element_type=\"widget\" data-widget_type=\"text-editor.default\">\n\t\t\t\t<div class=\"elementor-widget-container\">\n\t\t\t\t\t\t\t\t\t<p>Conform\u00e9ment au RGPD, vous disposez des droits suivants :<\/p>\n<p><!-- \/wp:paragraph --><!-- wp:paragraph --><\/p>\n<p>Pour exercer vos droits, contactez-nous \u00e0 <a href=\"mailto:contact@lerousseaugrenoble.fr\">contact@lerousseaugrenoble.fr<\/a><\/p>\n<p><!-- \/wp:paragraph --><!-- wp:list --><\/p>\n<ul class=\"wp-block-list\"><!-- wp:list-item -->\n<li>Droit d&#8217;acc\u00e8s : obtenir une copie de vos donn\u00e9es personnelles.<\/li>\n<!-- \/wp:list-item --><!-- wp:list-item -->\n<li>Droit de rectification : corriger des informations inexactes ou incompl\u00e8tes.<\/li>\n<!-- \/wp:list-item --><!-- wp:list-item -->\n<li>Droit \u00e0 l&#8217;effacement : demander la suppression de vos donn\u00e9es.<\/li>\n<!-- \/wp:list-item --><!-- wp:list-item -->\n<li>Droit d&#8217;opposition : refuser l&#8217;utilisation de vos donn\u00e9es \u00e0 des fins marketing.<\/li>\n<!-- \/wp:list-item --><!-- wp:list-item -->\n<li>Droit \u00e0 la portabilit\u00e9 : recevoir vos donn\u00e9es dans un format structurant et les transmettre \u00e0 un autre responsable de traitement.<\/li>\n<\/ul>\t\t\t\t\t\t\t\t<\/div>\n\t\t\t\t<\/div>\n\t\t\t\t\t<\/div>\n\t\t\t\t<\/div>\n\t\t<div class=\"elementor-element elementor-element-aac729c e-flex e-con-boxed e-con e-parent\" data-id=\"aac729c\" data-element_type=\"container\">\n\t\t\t\t\t<div class=\"e-con-inner\">\n\t\t\t\t<div class=\"elementor-element elementor-element-ad06fe6 elementor-widget elementor-widget-heading\" data-id=\"ad06fe6\" data-element_type=\"widget\" data-widget_type=\"heading.default\">\n\t\t\t\t<div class=\"elementor-widget-container\">\n\t\t\t\t\t<h2 class=\"elementor-heading-title elementor-size-default\">Conservation des donn\u00e9es<\/h2>\t\t\t\t<\/div>\n\t\t\t\t<\/div>\n\t\t\t\t\t<\/div>\n\t\t\t\t<\/div>\n\t\t<div class=\"elementor-element elementor-element-fdbc21f e-flex e-con-boxed e-con e-parent\" data-id=\"fdbc21f\" data-element_type=\"container\">\n\t\t\t\t\t<div class=\"e-con-inner\">\n\t\t\t\t<div class=\"elementor-element elementor-element-7d773c5 elementor-widget elementor-widget-text-editor\" data-id=\"7d773c5\" data-element_type=\"widget\" data-widget_type=\"text-editor.default\">\n\t\t\t\t<div class=\"elementor-widget-container\">\n\t\t\t\t\t\t\t\t\t<p>Vos donn\u00e9es sont conserv\u00e9es aussi longtemps que n\u00e9cessaire pour r\u00e9pondre aux finalit\u00e9s pour lesquelles elles ont \u00e9t\u00e9 collect\u00e9es, dans le respect des obligations l\u00e9gales.<\/p>\t\t\t\t\t\t\t\t<\/div>\n\t\t\t\t<\/div>\n\t\t\t\t\t<\/div>\n\t\t\t\t<\/div>\n\t\t<div class=\"elementor-element elementor-element-3f552cc e-flex e-con-boxed e-con e-parent\" data-id=\"3f552cc\" data-element_type=\"container\">\n\t\t\t\t\t<div class=\"e-con-inner\">\n\t\t\t\t<div class=\"elementor-element elementor-element-335a4df elementor-widget elementor-widget-heading\" data-id=\"335a4df\" data-element_type=\"widget\" data-widget_type=\"heading.default\">\n\t\t\t\t<div class=\"elementor-widget-container\">\n\t\t\t\t\t<h2 class=\"elementor-heading-title elementor-size-default\">Cookies<\/h2>\t\t\t\t<\/div>\n\t\t\t\t<\/div>\n\t\t\t\t\t<\/div>\n\t\t\t\t<\/div>\n\t\t<div class=\"elementor-element elementor-element-be7cd76 e-flex e-con-boxed e-con e-parent\" data-id=\"be7cd76\" data-element_type=\"container\">\n\t\t\t\t\t<div class=\"e-con-inner\">\n\t\t\t\t<div class=\"elementor-element elementor-element-be84bc6 elementor-widget elementor-widget-text-editor\" data-id=\"be84bc6\" data-element_type=\"widget\" data-widget_type=\"text-editor.default\">\n\t\t\t\t<div class=\"elementor-widget-container\">\n\t\t\t\t\t\t\t\t\t<p>Nous utilisons des cookies pour am\u00e9liorer votre exp\u00e9rience utilisateur. Vous pouvez modifier vos pr\u00e9f\u00e9rences via les param\u00e8tres de votre navigateur.<\/p>\t\t\t\t\t\t\t\t<\/div>\n\t\t\t\t<\/div>\n\t\t\t\t\t<\/div>\n\t\t\t\t<\/div>\n\t\t<div class=\"elementor-element elementor-element-676ab8c e-flex e-con-boxed e-con e-parent\" data-id=\"676ab8c\" data-element_type=\"container\">\n\t\t\t\t\t<div class=\"e-con-inner\">\n\t\t\t\t<div class=\"elementor-element elementor-element-48f5dd2 elementor-widget elementor-widget-heading\" data-id=\"48f5dd2\" data-element_type=\"widget\" data-widget_type=\"heading.default\">\n\t\t\t\t<div class=\"elementor-widget-container\">\n\t\t\t\t\t<h2 class=\"elementor-heading-title elementor-size-default\">Modification de la politique de confidentialit\u00e9<\/h2>\t\t\t\t<\/div>\n\t\t\t\t<\/div>\n\t\t\t\t\t<\/div>\n\t\t\t\t<\/div>\n\t\t<div class=\"elementor-element elementor-element-cc0aaed e-flex e-con-boxed e-con e-parent\" data-id=\"cc0aaed\" data-element_type=\"container\">\n\t\t\t\t\t<div class=\"e-con-inner\">\n\t\t\t\t<div class=\"elementor-element elementor-element-c87f345 elementor-widget elementor-widget-text-editor\" data-id=\"c87f345\" data-element_type=\"widget\" data-widget_type=\"text-editor.default\">\n\t\t\t\t<div class=\"elementor-widget-container\">\n\t\t\t\t\t\t\t\t\t<p>Nous nous r\u00e9servons le droit de modifier cette politique \u00e0 tout moment. La version la plus r\u00e9cente sera toujours disponible sur notre site.<\/p>\t\t\t\t\t\t\t\t<\/div>\n\t\t\t\t<\/div>\n\t\t\t\t\t<\/div>\n\t\t\t\t<\/div>\n\t\t<div class=\"elementor-element elementor-element-9376692 e-flex e-con-boxed e-con e-parent\" data-id=\"9376692\" data-element_type=\"container\">\n\t\t\t\t\t<div class=\"e-con-inner\">\n\t\t\t\t<div class=\"elementor-element elementor-element-11cabc9 elementor-widget elementor-widget-heading\" data-id=\"11cabc9\" data-element_type=\"widget\" data-widget_type=\"heading.default\">\n\t\t\t\t<div class=\"elementor-widget-container\">\n\t\t\t\t\t<h2 class=\"elementor-heading-title elementor-size-default\">Contact<\/h2>\t\t\t\t<\/div>\n\t\t\t\t<\/div>\n\t\t\t\t\t<\/div>\n\t\t\t\t<\/div>\n\t\t<div class=\"elementor-element elementor-element-faaf86f e-flex e-con-boxed e-con e-parent\" data-id=\"faaf86f\" data-element_type=\"container\">\n\t\t\t\t\t<div class=\"e-con-inner\">\n\t\t\t\t<div class=\"elementor-element elementor-element-6aab1b0 elementor-widget elementor-widget-text-editor\" data-id=\"6aab1b0\" data-element_type=\"widget\" data-widget_type=\"text-editor.default\">\n\t\t\t\t<div class=\"elementor-widget-container\">\n\t\t\t\t\t\t\t\t\t<p>Pour toute question concernant cette politique, vous pouvez nous contacter \u00e0 <a href=\"mailto:contact@lerousseaugrenoble.fr\">contact@lerousseaugrenoble.fr<\/a> ou par courrier \u00e0<\/p>\n<p>&#8220;Restaurant Le Rousseau &#8211; 16 Bis Cr Saint-Andr\u00e9, 38800 Le Pont-de-Claix&#8221;<\/p>\t\t\t\t\t\t\t\t<\/div>\n\t\t\t\t<\/div>\n\t\t\t\t\t<\/div>\n\t\t\t\t<\/div>\t\t<\/div>\n\t\t","protected":false},"excerpt":{"rendered":"<p>Politique de confidentialit\u00e9 Introduction Bienvenue sur lerousseaugrenoble.fr, votre boutique en ligne sp\u00e9cialis\u00e9e dans la vente de bouteilles de vin. Nous attachons une grande importance \u00e0 la protection de vos donn\u00e9es personnelles et nous nous engageons \u00e0 les traiter en toute transparence, conform\u00e9ment au R\u00e8glement G\u00e9n\u00e9ral sur la Protection des Donn\u00e9es (RGPD) et aux lois en [&hellip;]<\/p>\n","protected":false},"author":1,"featured_media":0,"parent":0,"menu_order":0,"comment_status":"closed","ping_status":"open","template":"","meta":{"footnotes":""},"class_list":["post-3","page","type-page","status-publish","hentry"],"_links":{"self":[{"href":"https:\/\/lerousseaugrenoble.fr\/boutique\/wp-json\/wp\/v2\/pages\/3","targetHints":{"allow":["GET"]}}],"collection":[{"href":"https:\/\/lerousseaugrenoble.fr\/boutique\/wp-json\/wp\/v2\/pages"}],"about":[{"href":"https:\/\/lerousseaugrenoble.fr\/boutique\/wp-json\/wp\/v2\/types\/page"}],"author":[{"embeddable":true,"href":"https:\/\/lerousseaugrenoble.fr\/boutique\/wp-json\/wp\/v2\/users\/1"}],"replies":[{"embeddable":true,"href":"https:\/\/lerousseaugrenoble.fr\/boutique\/wp-json\/wp\/v2\/comments?post=3"}],"version-history":[{"count":13,"href":"https:\/\/lerousseaugrenoble.fr\/boutique\/wp-json\/wp\/v2\/pages\/3\/revisions"}],"predecessor-version":[{"id":25035,"href":"https:\/\/lerousseaugrenoble.fr\/boutique\/wp-json\/wp\/v2\/pages\/3\/revisions\/25035"}],"wp:attachment":[{"href":"https:\/\/lerousseaugrenoble.fr\/boutique\/wp-json\/wp\/v2\/media?parent=3"}],"curies":[{"name":"wp","href":"https:\/\/api.w.org\/{rel}","templated":true}]}}